{"id":2134,"date":"2017-09-19T14:28:39","date_gmt":"2017-09-19T12:28:39","guid":{"rendered":"https:\/\/shop.voicepoint.ch\/?page_id=2134"},"modified":"2025-01-23T14:55:30","modified_gmt":"2025-01-23T13:55:30","slug":"mentions-legales","status":"publish","type":"page","link":"https:\/\/shop.voicepoint.ch\/fr\/mentions-legales\/","title":{"rendered":"Mentions l\u00e9gales"},"content":{"rendered":"<h2>Adresse de contact<\/h2>\n<p>Voicepoint AG<br \/>\nSchellerstrasse 14<br \/>\nCH-8620 Wetzikon<\/p>\n<p>+41 44 933 39 39<br \/>\ninfo@voicepoint.ch<\/p>\n<h2>Repr\u00e9sentants mandat\u00e9s<\/h2>\n<p>Reto Heusser<br \/>\nJonas Blum<\/p>\n<h2>Exclusion de responsabilit\u00e9<\/h2>\n<p>L&rsquo;auteur ne se porte nullement garant de l&rsquo;exactitude du contenu, ni de la pr\u00e9cision, de l&rsquo;actualit\u00e9, de la fiabilit\u00e9 et de l&rsquo;exhaustivit\u00e9 des informations.<\/p>\n<p>Toute demande de d\u00e9dommagement \u00e0 l&rsquo;encontre de l&rsquo;auteur pour des d\u00e9g\u00e2ts mat\u00e9riels ou immat\u00e9riels r\u00e9sultant de l&rsquo;acc\u00e8s, de l&rsquo;utilisation ou de la non-utilisation des informations publi\u00e9es, de la mauvaise utilisation des liens ou de probl\u00e8mes techniques est exclue.<\/p>\n<p>Toutes les offres sont sans engagement. L&rsquo;auteur se r\u00e9serve explicitement le droit de modifier, compl\u00e9ter ou supprimer l&rsquo;offre en tout ou en partie sans avis pr\u00e9alable, ou d&rsquo;arr\u00eater la publication temporairement ou d\u00e9finitivement.<\/p>\n<h2>Responsabilit\u00e9 pour les liens<\/h2>\n<p>Les renvois et liens vers des sites Internet tiers ne rel\u00e8vent pas de notre responsabilit\u00e9. Nous d\u00e9clinons toute responsabilit\u00e9 envers de tels sites. L&rsquo;acc\u00e8s \u00e0 et l&rsquo;utilisation de tels sites se font au propre risque des utilisateurs.<\/p>\n<h2>Droits d&rsquo;auteur<\/h2>\n<p>Les droits d&rsquo;auteur ainsi que tous les autres droits li\u00e9s au contenu, aux images, aux photos et aux autres fichiers se trouvant sur le site Internet appartiennent exclusivement \u00e0 la soci\u00e9t\u00e9 Voicepoint AG ou aux d\u00e9tenteurs des droits sp\u00e9cifiquement mentionn\u00e9s. La reproduction de quelconque \u00e9l\u00e9ment requiert l&rsquo;accord \u00e9crit pr\u00e9alable du d\u00e9tenteur des droits d&rsquo;auteur.<\/p>\n<h2>G\u00e9n\u00e9ralit\u00e9s<\/h2>\n<p>Les pr\u00e9sentes mentions l\u00e9gales ont \u00e9t\u00e9 modifi\u00e9es pour la derni\u00e8re fois le 01.08.2022. En cas de questions ou de commentaires concernant notre avertissement l\u00e9gal ou la protection des donn\u00e9es, veuillez nous contacter \u00e0 l&rsquo;adresse suivante: info@voicepoint.ch.<\/p>\n","protected":false},"excerpt":{"rendered":"<p>Adresse de contact Voicepoint AG Schellerstrasse 14 CH-8620 Wetzikon +41 44 933 39 39 info@voicepoint.ch Repr\u00e9sentants mandat\u00e9s Reto Heusser Jonas Blum Exclusion de responsabilit\u00e9 L&rsquo;auteur ne se porte nullement garant de l&rsquo;exactitude du contenu, ni de la pr\u00e9cision, de l&rsquo;actualit\u00e9, de la fiabilit\u00e9 et de l&rsquo;exhaustivit\u00e9 des informations. Toute demande de d\u00e9dommagement \u00e0 l&rsquo;encontre de [&#8230;]\n","protected":false},"author":1,"featured_media":0,"parent":0,"menu_order":0,"comment_status":"closed","ping_status":"closed","template":"","meta":{"footnotes":""},"class_list":["post-2134","page","type-page","status-publish","hentry"],"_links":{"self":[{"href":"https:\/\/shop.voicepoint.ch\/fr\/wp-json\/wp\/v2\/pages\/2134","targetHints":{"allow":["GET"]}}],"collection":[{"href":"https:\/\/shop.voicepoint.ch\/fr\/wp-json\/wp\/v2\/pages"}],"about":[{"href":"https:\/\/shop.voicepoint.ch\/fr\/wp-json\/wp\/v2\/types\/page"}],"author":[{"embeddable":true,"href":"https:\/\/shop.voicepoint.ch\/fr\/wp-json\/wp\/v2\/users\/1"}],"replies":[{"embeddable":true,"href":"https:\/\/shop.voicepoint.ch\/fr\/wp-json\/wp\/v2\/comments?post=2134"}],"version-history":[{"count":0,"href":"https:\/\/shop.voicepoint.ch\/fr\/wp-json\/wp\/v2\/pages\/2134\/revisions"}],"wp:attachment":[{"href":"https:\/\/shop.voicepoint.ch\/fr\/wp-json\/wp\/v2\/media?parent=2134"}],"curies":[{"name":"wp","href":"https:\/\/api.w.org\/{rel}","templated":true}]}}