{"id":2151,"date":"2017-09-19T14:40:22","date_gmt":"2017-09-19T12:40:22","guid":{"rendered":"https:\/\/shop.voicepoint.ch\/?page_id=2151"},"modified":"2025-01-23T15:00:20","modified_gmt":"2025-01-23T14:00:20","slug":"newsletter","status":"publish","type":"page","link":"https:\/\/shop.voicepoint.ch\/fr\/newsletter\/","title":{"rendered":"Newsletter"},"content":{"rendered":"<p>Nous informons nos clients, partenaires et toutes personnes int\u00e9ress\u00e9es d\u2019avoir des nouvelles sur le monde de la dict\u00e9e num\u00e9rique, reconnaissances vocale et solutions de flux de dict\u00e9es de fa\u00e7on r\u00e9guli\u00e8res.<\/p>\n\n<div class=\"wpcf7 no-js\" id=\"wpcf7-f2426-o1\" lang=\"de-DE\" dir=\"ltr\" data-wpcf7-id=\"2426\">\n<div class=\"screen-reader-response\"><p role=\"status\" aria-live=\"polite\" aria-atomic=\"true\"><\/p> <ul><\/ul><\/div>\n<form action=\"\/fr\/wp-json\/wp\/v2\/pages\/2151#wpcf7-f2426-o1\" method=\"post\" class=\"wpcf7-form init\" aria-label=\"Kontaktformular\" novalidate=\"novalidate\" data-status=\"init\">\n<fieldset class=\"hidden-fields-container\"><input type=\"hidden\" name=\"_wpcf7\" value=\"2426\" \/><input type=\"hidden\" name=\"_wpcf7_version\" value=\"6.1.5\" \/><input type=\"hidden\" name=\"_wpcf7_locale\" value=\"de_DE_formal\" \/><input type=\"hidden\" name=\"_wpcf7_unit_tag\" value=\"wpcf7-f2426-o1\" \/><input type=\"hidden\" name=\"_wpcf7_container_post\" value=\"0\" \/><input type=\"hidden\" name=\"_wpcf7_posted_data_hash\" value=\"\" \/>\n<\/fieldset>\n<div class=\"form-flat\">\n\t<p><span class=\"wpcf7-form-control-wrap\" data-name=\"your-email\"><input size=\"40\" maxlength=\"400\" class=\"wpcf7-form-control wpcf7-email wpcf7-validates-as-required wpcf7-text wpcf7-validates-as-email\" aria-required=\"true\" aria-invalid=\"false\" placeholder=\"Votre adresse email\" value=\"\" type=\"email\" name=\"your-email\" \/><\/span><input class=\"wpcf7-form-control wpcf7-submit has-spinner button\" type=\"submit\" value=\"Enregister\" \/>\n\t<\/p>\n<\/div><div class=\"wpcf7-response-output\" aria-hidden=\"true\"><\/div>\n<\/form>\n<\/div>\n\n<p><img loading=\"lazy\" decoding=\"async\" class=\"alignright wp-image-1725\" src=\"https:\/\/shop.voicepoint.ch\/wp-content\/uploads\/vp-newsletter.png\" alt=\"\" width=\"139\" height=\"89\"><\/p>\n","protected":false},"excerpt":{"rendered":"<p>Nous informons nos clients, partenaires et toutes personnes int\u00e9ress\u00e9es d\u2019avoir des nouvelles sur le monde de la dict\u00e9e num\u00e9rique, reconnaissances vocale et solutions de flux de dict\u00e9es de fa\u00e7on r\u00e9guli\u00e8res.<\/p>\n","protected":false},"author":1,"featured_media":0,"parent":0,"menu_order":0,"comment_status":"closed","ping_status":"closed","template":"","meta":{"footnotes":""},"class_list":["post-2151","page","type-page","status-publish","hentry"],"_links":{"self":[{"href":"https:\/\/shop.voicepoint.ch\/fr\/wp-json\/wp\/v2\/pages\/2151","targetHints":{"allow":["GET"]}}],"collection":[{"href":"https:\/\/shop.voicepoint.ch\/fr\/wp-json\/wp\/v2\/pages"}],"about":[{"href":"https:\/\/shop.voicepoint.ch\/fr\/wp-json\/wp\/v2\/types\/page"}],"author":[{"embeddable":true,"href":"https:\/\/shop.voicepoint.ch\/fr\/wp-json\/wp\/v2\/users\/1"}],"replies":[{"embeddable":true,"href":"https:\/\/shop.voicepoint.ch\/fr\/wp-json\/wp\/v2\/comments?post=2151"}],"version-history":[{"count":0,"href":"https:\/\/shop.voicepoint.ch\/fr\/wp-json\/wp\/v2\/pages\/2151\/revisions"}],"wp:attachment":[{"href":"https:\/\/shop.voicepoint.ch\/fr\/wp-json\/wp\/v2\/media?parent=2151"}],"curies":[{"name":"wp","href":"https:\/\/api.w.org\/{rel}","templated":true}]}}