{"id":10994,"date":"2023-02-17T09:45:37","date_gmt":"2023-02-17T08:45:37","guid":{"rendered":"https:\/\/shop.voicepoint.ch\/?post_type=product&#038;p=10994"},"modified":"2025-08-21T16:31:14","modified_gmt":"2025-08-21T14:31:14","slug":"voicepoint-argon-lex","status":"publish","type":"product","link":"https:\/\/shop.voicepoint.ch\/fr\/produit\/vocabulaires\/voicepoint-argon-lex\/","title":{"rendered":"Voicepoint Argon\u00ae Lex"},"content":{"rendered":"<p><strong>Vocabulaire sp\u00e9cialis\u00e9 parfaitement adapt\u00e9 pour Dragon Medical One<\/strong><\/p>\n<p>Dragon Medical One propose un vocabulaire m\u00e9dical de base pr\u00eat \u00e0 l\u2019emploi avec des expressions pour diverses sp\u00e9cialit\u00e9s m\u00e9dicales. La terminologie utilis\u00e9e ou les formulations et abr\u00e9viations sp\u00e9cifiques sont cependant propres \u00e0 chaque cabinet m\u00e9dical, clinique ou h\u00f4pital. De nouvelles expressions, noms ou m\u00e9dicaments sont souvent ajout\u00e9s, qui doivent \u00eatre int\u00e9gr\u00e9s au vocabulaire pour des performances optimales. Avec nos outils Voicepoint Argon\u00ae Lex, nous analysons de grandes quantit\u00e9s de documents anonymis\u00e9s et cr\u00e9ons des vocabulaires pour un large \u00e9ventail de sp\u00e9cialit\u00e9s m\u00e9dicales. Nous proposons ces vocabulaires en compl\u00e9ment \u00e0 Dragon Medical One. En entretenant r\u00e9guli\u00e8rement votre vocabulaire, nous garantissons \u00e9galement que la pr\u00e9cision de reconnaissance vocale non seulement atteigne un niveau \u00e9lev\u00e9, mais aussi qu\u2019il soit maintenu.<\/p>\n<p>En plus des vocabulaires Voicepoint Argon\u00ae Lex, Voicepoint propose en option une personnalisation du vocabulaire adapt\u00e9e \u00e0 votre utilisation. En traitant vos documents personnels tels que rapports, diagnostics, lettres ou avis d\u2019experts, le vocabulaire est adapt\u00e9 \u00e0 vos textes de mani\u00e8re individuelle. Cela contribue de mani\u00e8re significative \u00e0 un gain de productivit\u00e9 important, ainsi qu\u2019une facilit\u00e9 d\u2019utilisation.<\/p>\n<p>Licence annuelle pour un utilisateur<\/p>\n","protected":false},"excerpt":{"rendered":"<p>Licence annuelle<\/p>\n","protected":false},"featured_media":10416,"template":"","meta":[],"product_brand":[],"product_cat":[217],"product_tag":[],"class_list":{"0":"post-10994","1":"product","2":"type-product","3":"status-publish","4":"has-post-thumbnail","6":"product_cat-vocabulaires","8":"first","9":"instock","10":"taxable","11":"shipping-taxable","12":"purchasable","13":"product-type-variable"},"_links":{"self":[{"href":"https:\/\/shop.voicepoint.ch\/fr\/wp-json\/wp\/v2\/product\/10994","targetHints":{"allow":["GET"]}}],"collection":[{"href":"https:\/\/shop.voicepoint.ch\/fr\/wp-json\/wp\/v2\/product"}],"about":[{"href":"https:\/\/shop.voicepoint.ch\/fr\/wp-json\/wp\/v2\/types\/product"}],"wp:featuredmedia":[{"embeddable":true,"href":"https:\/\/shop.voicepoint.ch\/fr\/wp-json\/wp\/v2\/media\/10416"}],"wp:attachment":[{"href":"https:\/\/shop.voicepoint.ch\/fr\/wp-json\/wp\/v2\/media?parent=10994"}],"wp:term":[{"taxonomy":"product_brand","embeddable":true,"href":"https:\/\/shop.voicepoint.ch\/fr\/wp-json\/wp\/v2\/product_brand?post=10994"},{"taxonomy":"product_cat","embeddable":true,"href":"https:\/\/shop.voicepoint.ch\/fr\/wp-json\/wp\/v2\/product_cat?post=10994"},{"taxonomy":"product_tag","embeddable":true,"href":"https:\/\/shop.voicepoint.ch\/fr\/wp-json\/wp\/v2\/product_tag?post=10994"}],"curies":[{"name":"wp","href":"https:\/\/api.w.org\/{rel}","templated":true}]}}