{"id":11145,"date":"2023-07-28T14:26:04","date_gmt":"2023-07-28T12:26:04","guid":{"rendered":"https:\/\/shop.voicepoint.ch\/produkt\/non%20class\u00e9\/winscribe-author-license-subscription\/"},"modified":"2023-09-20T16:10:28","modified_gmt":"2023-09-20T14:10:28","slug":"winscribe-author-license-subscription","status":"publish","type":"product","link":"https:\/\/shop.voicepoint.ch\/fr\/produit\/logiciel-de-dictee\/winscribe-author-license-subscription\/","title":{"rendered":"Winscribe Author License, Subscription"},"content":{"rendered":"<p>Licence annuelle pour un auteur prix par ann\u00e9e, h\u00e9bergement et support inclus.<\/p>\n<p>Le logiciel de dict\u00e9e et de transcription Winscribe relie auteurs et transcripteurs. Il simplifie la communication, la configuration des param\u00e8tres de flux de travail individuels et la flexibilit\u00e9 d\u2019organisation pour un gain de temps et de ressources. Les auteurs peuvent enregistrer \u00e0 l\u2019aide d\u2019un dictaphone et les transcripteurs peuvent lire et transcrire facilement les fichiers \u00e0 l\u2019aide d\u2019une p\u00e9dale de commande.<\/p>\n<p>Winscribe est disponible dans le Voicepoint Cloud (centre de donn\u00e9es situ\u00e9 en Suisse) et peut donc \u00eatre utilis\u00e9 ind\u00e9pendamment du lieu.<\/p>\n","protected":false},"excerpt":{"rendered":"<p>Licence annuelle pour un utilisateur, prix par ann\u00e9e, h\u00e9bergement et support inclus<\/p>\n","protected":false},"featured_media":11191,"template":"","meta":[],"product_brand":[],"product_cat":[182],"product_tag":[358],"class_list":{"0":"post-11145","1":"product","2":"type-product","3":"status-publish","4":"has-post-thumbnail","6":"product_cat-logiciel-de-dictee","7":"product_tag-winscribe-fr","9":"first","10":"instock","11":"virtual","12":"taxable","13":"purchasable","14":"product-type-simple"},"_links":{"self":[{"href":"https:\/\/shop.voicepoint.ch\/fr\/wp-json\/wp\/v2\/product\/11145","targetHints":{"allow":["GET"]}}],"collection":[{"href":"https:\/\/shop.voicepoint.ch\/fr\/wp-json\/wp\/v2\/product"}],"about":[{"href":"https:\/\/shop.voicepoint.ch\/fr\/wp-json\/wp\/v2\/types\/product"}],"wp:featuredmedia":[{"embeddable":true,"href":"https:\/\/shop.voicepoint.ch\/fr\/wp-json\/wp\/v2\/media\/11191"}],"wp:attachment":[{"href":"https:\/\/shop.voicepoint.ch\/fr\/wp-json\/wp\/v2\/media?parent=11145"}],"wp:term":[{"taxonomy":"product_brand","embeddable":true,"href":"https:\/\/shop.voicepoint.ch\/fr\/wp-json\/wp\/v2\/product_brand?post=11145"},{"taxonomy":"product_cat","embeddable":true,"href":"https:\/\/shop.voicepoint.ch\/fr\/wp-json\/wp\/v2\/product_cat?post=11145"},{"taxonomy":"product_tag","embeddable":true,"href":"https:\/\/shop.voicepoint.ch\/fr\/wp-json\/wp\/v2\/product_tag?post=11145"}],"curies":[{"name":"wp","href":"https:\/\/api.w.org\/{rel}","templated":true}]}}