{"id":11211,"date":"2023-09-20T16:53:06","date_gmt":"2023-09-20T14:53:06","guid":{"rendered":"https:\/\/shop.voicepoint.ch\/produkt\/non%20class\u00e9\/voicepoint-helium-subscription-add-on\/"},"modified":"2025-08-21T16:22:16","modified_gmt":"2025-08-21T14:22:16","slug":"voicepoint-helium","status":"publish","type":"product","link":"https:\/\/shop.voicepoint.ch\/fr\/produit\/reconnaissance-vocale\/voicepoint-helium\/","title":{"rendered":"Voicepoint Helium\u00ae"},"content":{"rendered":"<p>Licence annuelle pour 1 utilisateur, co\u00fbts annuels incluant la maintenance et l&rsquo;h\u00e9bergement. En plus de Voicepoint Helium\u00ae, une licence Dragon Medical One est \u00e9galement n\u00e9cessaire.<\/p>\n<p>Voicepoint Helium\u00ae est une solution de reconnaissance vocale m\u00e9dicale bas\u00e9e sur le cloud, sp\u00e9cialement d\u00e9velopp\u00e9e par Voicepoint pour macOS et bas\u00e9e sur la technologie de reconnaissance vocale de renom Dragon Medical de Nuance Communications. Gr\u00e2ce \u00e0 l&rsquo;intelligence artificielle et au vaste vocabulaire sp\u00e9cialis\u00e9 inclus, Dragon Medical One vous permet d&rsquo;atteindre une pr\u00e9cision de reconnaissance maximale, aussi bien pour les textes m\u00e9dicaux que pour les textes en langue g\u00e9n\u00e9rale. Les m\u00e9decins dictent leurs textes directement dans l&rsquo;application souhait\u00e9e, par exemple dans le syst\u00e8me d&rsquo;information du cabinet ou de la clinique. Cela permet de gagner du temps, de r\u00e9duire les d\u00e9lais de traitement et de soulager le personnel.<\/p>\n<p>Comme toutes les autres solutions Voicepoint Cloud, la reconnaissance vocale pour macOS est h\u00e9berg\u00e9e dans les centres de donn\u00e9es suisses Azure \u00e0 Z\u00fcrich et Gen\u00e8ve. Il est ainsi possible de travailler avec le m\u00eame profil vocal sur Windows et sur macOS et les termes et corrections sp\u00e9cifiques \u00e0 l&rsquo;utilisateur sont imm\u00e9diatement disponibles sur les deux syst\u00e8mes d&rsquo;exploitation et ceci ind\u00e9pendamment du lieu. Voicepoint Helium\u00ae est disponible en tant que reconnaissance vocale de premier plan.<\/p>\n","protected":false},"excerpt":{"rendered":"<p>Reconnaissance vocale pour macOS<br \/>\nLicence annuelle pour un utilisateur, prix par ann\u00e9e, h\u00e9bergement et support inclus<\/p>\n","protected":false},"featured_media":11201,"template":"","meta":[],"product_brand":[],"product_cat":[215],"product_tag":[],"class_list":{"0":"post-11211","1":"product","2":"type-product","3":"status-publish","4":"has-post-thumbnail","6":"product_cat-reconnaissance-vocale","8":"first","9":"instock","10":"taxable","11":"shipping-taxable","12":"purchasable","13":"product-type-variable"},"_links":{"self":[{"href":"https:\/\/shop.voicepoint.ch\/fr\/wp-json\/wp\/v2\/product\/11211","targetHints":{"allow":["GET"]}}],"collection":[{"href":"https:\/\/shop.voicepoint.ch\/fr\/wp-json\/wp\/v2\/product"}],"about":[{"href":"https:\/\/shop.voicepoint.ch\/fr\/wp-json\/wp\/v2\/types\/product"}],"wp:featuredmedia":[{"embeddable":true,"href":"https:\/\/shop.voicepoint.ch\/fr\/wp-json\/wp\/v2\/media\/11201"}],"wp:attachment":[{"href":"https:\/\/shop.voicepoint.ch\/fr\/wp-json\/wp\/v2\/media?parent=11211"}],"wp:term":[{"taxonomy":"product_brand","embeddable":true,"href":"https:\/\/shop.voicepoint.ch\/fr\/wp-json\/wp\/v2\/product_brand?post=11211"},{"taxonomy":"product_cat","embeddable":true,"href":"https:\/\/shop.voicepoint.ch\/fr\/wp-json\/wp\/v2\/product_cat?post=11211"},{"taxonomy":"product_tag","embeddable":true,"href":"https:\/\/shop.voicepoint.ch\/fr\/wp-json\/wp\/v2\/product_tag?post=11211"}],"curies":[{"name":"wp","href":"https:\/\/api.w.org\/{rel}","templated":true}]}}