{"id":11434,"date":"2024-05-03T14:53:19","date_gmt":"2024-05-03T12:53:19","guid":{"rendered":"https:\/\/shop.voicepoint.ch\/produkt\/non%20class\u00e9\/om-system-ds-2700\/"},"modified":"2025-05-19T16:10:47","modified_gmt":"2025-05-19T14:10:47","slug":"olympus-ds-2700","status":"publish","type":"product","link":"https:\/\/shop.voicepoint.ch\/fr\/produit\/dictee-mobile\/olympus-ds-2700\/","title":{"rendered":"Olympus DS-2700"},"content":{"rendered":"<p>Appareil de dict\u00e9e num\u00e9rique semi-professionnel avec interrupteur coulissant<\/p>\n<p>Le Olympus DS-2700 apporte une plus grande efficacit\u00e9 \u00e0 votre travail quotidien. Que ce soit \u00e0 votre bureau ou en d\u00e9placement, cet appareil de dict\u00e9e num\u00e9rique performant pour les utilisateurs professionnels enregistre \u00e0 tout moment et en tout lieu au format compress\u00e9 DSS Pro. Le DS-2700 offre \u00e9galement un large \u00e9ventail d\u2019options d\u2019\u00e9dition. Le kit de transcription AS-2700 en option int\u00e8gre de mani\u00e8re fluide le traitement de la dict\u00e9e dans le flux de travail quotidien.<\/p>\n","protected":false},"excerpt":{"rendered":"<p>Appareil de dict\u00e9e num\u00e9rique semi-professionnel avec interrupteur coulissant Le Olympus DS-2700 apporte une plus grande efficacit\u00e9 \u00e0 votre travail quotidien. Que ce soit \u00e0 votre bureau ou en d\u00e9placement, cet appareil de dict\u00e9e num\u00e9rique performant pour les utilisateurs professionnels enregistre \u00e0 tout moment et en tout lieu au format compress\u00e9 DSS Pro. Le DS-2700 offre [&#8230;]\n","protected":false},"featured_media":11433,"template":"","meta":[],"product_brand":[],"product_cat":[67],"product_tag":[365],"class_list":{"0":"post-11434","1":"product","2":"type-product","3":"status-publish","4":"has-post-thumbnail","6":"product_cat-dictee-mobile","7":"product_tag-ds-2700-fr","9":"first","10":"instock","11":"taxable","12":"shipping-taxable","13":"purchasable","14":"product-type-simple"},"_links":{"self":[{"href":"https:\/\/shop.voicepoint.ch\/fr\/wp-json\/wp\/v2\/product\/11434","targetHints":{"allow":["GET"]}}],"collection":[{"href":"https:\/\/shop.voicepoint.ch\/fr\/wp-json\/wp\/v2\/product"}],"about":[{"href":"https:\/\/shop.voicepoint.ch\/fr\/wp-json\/wp\/v2\/types\/product"}],"wp:featuredmedia":[{"embeddable":true,"href":"https:\/\/shop.voicepoint.ch\/fr\/wp-json\/wp\/v2\/media\/11433"}],"wp:attachment":[{"href":"https:\/\/shop.voicepoint.ch\/fr\/wp-json\/wp\/v2\/media?parent=11434"}],"wp:term":[{"taxonomy":"product_brand","embeddable":true,"href":"https:\/\/shop.voicepoint.ch\/fr\/wp-json\/wp\/v2\/product_brand?post=11434"},{"taxonomy":"product_cat","embeddable":true,"href":"https:\/\/shop.voicepoint.ch\/fr\/wp-json\/wp\/v2\/product_cat?post=11434"},{"taxonomy":"product_tag","embeddable":true,"href":"https:\/\/shop.voicepoint.ch\/fr\/wp-json\/wp\/v2\/product_tag?post=11434"}],"curies":[{"name":"wp","href":"https:\/\/api.w.org\/{rel}","templated":true}]}}