{"id":11548,"date":"2024-08-07T10:59:57","date_gmt":"2024-08-07T08:59:57","guid":{"rendered":"https:\/\/shop.voicepoint.ch\/produkt\/non%20class\u00e9\/om-system-rm-4010n\/"},"modified":"2024-08-08T11:18:10","modified_gmt":"2024-08-08T09:18:10","slug":"om-system-rm-4010n","status":"publish","type":"product","link":"https:\/\/shop.voicepoint.ch\/fr\/produit\/dictee-stationnaire\/om-system-rm-4010n\/","title":{"rendered":"OM SYSTEM RM-4010N"},"content":{"rendered":"<p>Microphone de dict\u00e9e sur PC avec boutons poussoir et trackball<\/p>\n<p>La solution optimale pour saisir des dict\u00e9es directement sur l\u2019ordinateur. Le microphone directionnel r\u00e9duit les bruits de fond ind\u00e9sirables, ce qui garantit de meilleurs r\u00e9sultats lors de la reconnaissance vocale et de la transcription. Pour les mod\u00e8les avec boule de commande, l\u2019ordinateur peut \u00eatre command\u00e9 directement avec le microphone de dict\u00e9e si bien qu\u2019un passage entre souris et microphone de dict\u00e9e n\u2019est plus n\u00e9cessaire.<\/p>\n","protected":false},"excerpt":{"rendered":"<p>Microphone de dict\u00e9e sur PC avec boutons poussoir et trackball La solution optimale pour saisir des dict\u00e9es directement sur l\u2019ordinateur. Le microphone directionnel r\u00e9duit les bruits de fond ind\u00e9sirables, ce qui garantit de meilleurs r\u00e9sultats lors de la reconnaissance vocale et de la transcription. Pour les mod\u00e8les avec boule de commande, l\u2019ordinateur peut \u00eatre command\u00e9 [&#8230;]\n","protected":false},"featured_media":11541,"template":"","meta":[],"product_brand":[],"product_cat":[76],"product_tag":[297],"class_list":{"0":"post-11548","1":"product","2":"type-product","3":"status-publish","4":"has-post-thumbnail","6":"product_cat-dictee-stationnaire","7":"product_tag-recmic","9":"first","10":"onbackorder","11":"taxable","12":"shipping-taxable","13":"purchasable","14":"product-type-simple"},"_links":{"self":[{"href":"https:\/\/shop.voicepoint.ch\/fr\/wp-json\/wp\/v2\/product\/11548","targetHints":{"allow":["GET"]}}],"collection":[{"href":"https:\/\/shop.voicepoint.ch\/fr\/wp-json\/wp\/v2\/product"}],"about":[{"href":"https:\/\/shop.voicepoint.ch\/fr\/wp-json\/wp\/v2\/types\/product"}],"wp:featuredmedia":[{"embeddable":true,"href":"https:\/\/shop.voicepoint.ch\/fr\/wp-json\/wp\/v2\/media\/11541"}],"wp:attachment":[{"href":"https:\/\/shop.voicepoint.ch\/fr\/wp-json\/wp\/v2\/media?parent=11548"}],"wp:term":[{"taxonomy":"product_brand","embeddable":true,"href":"https:\/\/shop.voicepoint.ch\/fr\/wp-json\/wp\/v2\/product_brand?post=11548"},{"taxonomy":"product_cat","embeddable":true,"href":"https:\/\/shop.voicepoint.ch\/fr\/wp-json\/wp\/v2\/product_cat?post=11548"},{"taxonomy":"product_tag","embeddable":true,"href":"https:\/\/shop.voicepoint.ch\/fr\/wp-json\/wp\/v2\/product_tag?post=11548"}],"curies":[{"name":"wp","href":"https:\/\/api.w.org\/{rel}","templated":true}]}}