{"id":11884,"date":"2025-06-24T14:37:41","date_gmt":"2025-06-24T12:37:41","guid":{"rendered":"https:\/\/shop.voicepoint.ch\/produkt\/non%20class\u00e9\/philips-dpm-8000\/"},"modified":"2026-02-03T13:41:31","modified_gmt":"2026-02-03T12:41:31","slug":"philips-dpm-8000","status":"publish","type":"product","link":"https:\/\/shop.voicepoint.ch\/fr\/produit\/dictee-mobile\/philips-dpm-8000\/","title":{"rendered":"Philips DPM 8000"},"content":{"rendered":"<p>Dictaphone professionnel avec interrupteur coulissant<\/p>\n<p>Le Digital Pocket Memo 8000 de Philips est id\u00e9al pour les utilisateurs professionnels. Le grand \u00e9cran couleur, le design en acier inoxydable l\u00e9ger et robuste et l\u2019interrupteur coulissant \u00e0 4 fonctions programmables optimisent la facilit\u00e9 d\u2019utilisation de l\u2019appareil. Gr\u00e2ce au logiciel SpeechExec Pro int\u00e9gr\u00e9 qui garantit une gestion efficace de vos donn\u00e9es, \u00e0 la station d\u2019accueil qui permet de t\u00e9l\u00e9charger vos fichiers et au Kit de Transcription Philips 7277 (en option) vos donn\u00e9es vocales sont transcrites en donn\u00e9es textuelles en quelques secondes.<\/p>\n","protected":false},"excerpt":{"rendered":"<p>Dictaphone professionnel avec interrupteur coulissant Le Digital Pocket Memo 8000 de Philips est id\u00e9al pour les utilisateurs professionnels. Le grand \u00e9cran couleur, le design en acier inoxydable l\u00e9ger et robuste et l\u2019interrupteur coulissant \u00e0 4 fonctions programmables optimisent la facilit\u00e9 d\u2019utilisation de l\u2019appareil. Gr\u00e2ce au logiciel SpeechExec Pro int\u00e9gr\u00e9 qui garantit une gestion efficace de [&#8230;]\n","protected":false},"featured_media":8915,"template":"","meta":[],"product_brand":[],"product_cat":[67],"product_tag":[378],"class_list":{"0":"post-11884","1":"product","2":"type-product","3":"status-publish","4":"has-post-thumbnail","6":"product_cat-dictee-mobile","7":"product_tag-dpm-8000-fr","9":"first","10":"instock","11":"taxable","12":"shipping-taxable","13":"purchasable","14":"product-type-simple"},"_links":{"self":[{"href":"https:\/\/shop.voicepoint.ch\/fr\/wp-json\/wp\/v2\/product\/11884","targetHints":{"allow":["GET"]}}],"collection":[{"href":"https:\/\/shop.voicepoint.ch\/fr\/wp-json\/wp\/v2\/product"}],"about":[{"href":"https:\/\/shop.voicepoint.ch\/fr\/wp-json\/wp\/v2\/types\/product"}],"wp:featuredmedia":[{"embeddable":true,"href":"https:\/\/shop.voicepoint.ch\/fr\/wp-json\/wp\/v2\/media\/8915"}],"wp:attachment":[{"href":"https:\/\/shop.voicepoint.ch\/fr\/wp-json\/wp\/v2\/media?parent=11884"}],"wp:term":[{"taxonomy":"product_brand","embeddable":true,"href":"https:\/\/shop.voicepoint.ch\/fr\/wp-json\/wp\/v2\/product_brand?post=11884"},{"taxonomy":"product_cat","embeddable":true,"href":"https:\/\/shop.voicepoint.ch\/fr\/wp-json\/wp\/v2\/product_cat?post=11884"},{"taxonomy":"product_tag","embeddable":true,"href":"https:\/\/shop.voicepoint.ch\/fr\/wp-json\/wp\/v2\/product_tag?post=11884"}],"curies":[{"name":"wp","href":"https:\/\/api.w.org\/{rel}","templated":true}]}}