{"id":11893,"date":"2025-06-24T15:46:52","date_gmt":"2025-06-24T13:46:52","guid":{"rendered":"https:\/\/shop.voicepoint.ch\/produkt\/non class\u00e9\/philips-dpm-8100\/"},"modified":"2025-06-24T15:46:52","modified_gmt":"2025-06-24T13:46:52","slug":"philips-dpm-8100","status":"publish","type":"product","link":"https:\/\/shop.voicepoint.ch\/fr\/produit\/dictee-mobile\/philips-dpm-8100\/","title":{"rendered":"Philips DPM 8100"},"content":{"rendered":"<p>Dictaphone professionnel avec interrupteur coulissant (mod\u00e8le integrateur sans logiciel)<\/p>\n<p>Le Digital Pocket Memo 8100 de Philips est parfaitement adapt\u00e9 aux besoins professionnels. Le grand \u00e9cran couleur, le design en acier inoxydable l\u00e9ger et robuste et l\u2019interrupteur coulissant \u00e0 4 fonctions programmables (International DPM 8100, Philips DPM 8300) optimisent la facilit\u00e9 d\u2019utilisation de l\u2019appareil. La station d\u2019accueil permet de t\u00e9l\u00e9charger vos fichiers automatiquement et rapidement sur votre ordinateur ou serveur.<\/p>\n","protected":false},"excerpt":{"rendered":"<p>Dictaphone professionnel avec interrupteur coulissant (mod\u00e8le integrateur sans logiciel) Le Digital Pocket Memo 8100 de Philips est parfaitement adapt\u00e9 aux besoins professionnels. Le grand \u00e9cran couleur, le design en acier inoxydable l\u00e9ger et robuste et l\u2019interrupteur coulissant \u00e0 4 fonctions programmables (International DPM 8100, Philips DPM 8300) optimisent la facilit\u00e9 d\u2019utilisation de l\u2019appareil. La station [&#8230;]\n","protected":false},"featured_media":8915,"template":"","meta":[],"product_brand":[],"product_cat":[67],"product_tag":[380],"class_list":{"0":"post-11893","1":"product","2":"type-product","3":"status-publish","4":"has-post-thumbnail","6":"product_cat-dictee-mobile","7":"product_tag-dpm-8100-fr","9":"first","10":"instock","11":"taxable","12":"shipping-taxable","13":"purchasable","14":"product-type-simple"},"_links":{"self":[{"href":"https:\/\/shop.voicepoint.ch\/fr\/wp-json\/wp\/v2\/product\/11893","targetHints":{"allow":["GET"]}}],"collection":[{"href":"https:\/\/shop.voicepoint.ch\/fr\/wp-json\/wp\/v2\/product"}],"about":[{"href":"https:\/\/shop.voicepoint.ch\/fr\/wp-json\/wp\/v2\/types\/product"}],"wp:featuredmedia":[{"embeddable":true,"href":"https:\/\/shop.voicepoint.ch\/fr\/wp-json\/wp\/v2\/media\/8915"}],"wp:attachment":[{"href":"https:\/\/shop.voicepoint.ch\/fr\/wp-json\/wp\/v2\/media?parent=11893"}],"wp:term":[{"taxonomy":"product_brand","embeddable":true,"href":"https:\/\/shop.voicepoint.ch\/fr\/wp-json\/wp\/v2\/product_brand?post=11893"},{"taxonomy":"product_cat","embeddable":true,"href":"https:\/\/shop.voicepoint.ch\/fr\/wp-json\/wp\/v2\/product_cat?post=11893"},{"taxonomy":"product_tag","embeddable":true,"href":"https:\/\/shop.voicepoint.ch\/fr\/wp-json\/wp\/v2\/product_tag?post=11893"}],"curies":[{"name":"wp","href":"https:\/\/api.w.org\/{rel}","templated":true}]}}