{"id":11907,"date":"2025-06-25T10:23:17","date_gmt":"2025-06-25T08:23:17","guid":{"rendered":"https:\/\/shop.voicepoint.ch\/produkt\/non%20class\u00e9\/philips-speechmike-pro-premium-3720\/"},"modified":"2025-06-25T10:45:40","modified_gmt":"2025-06-25T08:45:40","slug":"philips-speechmike-pro-premium-3720","status":"publish","type":"product","link":"https:\/\/shop.voicepoint.ch\/fr\/produit\/dictee-stationnaire\/philips-speechmike-pro-premium-3720\/","title":{"rendered":"Philips SpeechMike Pro Premium 3720"},"content":{"rendered":"<p>Dictaphone de dict\u00e9e sur PC avec interrupteur coulissant et pav\u00e9 tactile<\/p>\n<p>Le SpeechMike Philips r\u00e9unit microphone d&rsquo;enregistrement, haut-parleur de lecture, commande d&rsquo;enregistrement et navigation sur PC dans un seul appareil. Les mod\u00e8les de la s\u00e9rie Philips SpeechMike Premium disposent en outre d&rsquo;un capteur de mouvement int\u00e9gr\u00e9, d&rsquo;un pav\u00e9 tactile pour un fonctionnement de la souris int\u00e9gr\u00e9e ainsi que de touches de fonction suppl\u00e9mentaires librement configurables.<\/p>\n","protected":false},"excerpt":{"rendered":"<p>Dictaphone de dict\u00e9e sur PC avec interrupteur coulissant et pav\u00e9 tactile Le SpeechMike Philips r\u00e9unit microphone d&rsquo;enregistrement, haut-parleur de lecture, commande d&rsquo;enregistrement et navigation sur PC dans un seul appareil. Les mod\u00e8les de la s\u00e9rie Philips SpeechMike Premium disposent en outre d&rsquo;un capteur de mouvement int\u00e9gr\u00e9, d&rsquo;un pav\u00e9 tactile pour un fonctionnement de la souris [&#8230;]\n","protected":false},"featured_media":11788,"template":"","meta":[],"product_brand":[],"product_cat":[76],"product_tag":[189],"class_list":{"0":"post-11907","1":"product","2":"type-product","3":"status-publish","4":"has-post-thumbnail","6":"product_cat-dictee-stationnaire","7":"product_tag-speechmike","9":"first","10":"onbackorder","11":"taxable","12":"shipping-taxable","13":"purchasable","14":"product-type-simple"},"_links":{"self":[{"href":"https:\/\/shop.voicepoint.ch\/fr\/wp-json\/wp\/v2\/product\/11907","targetHints":{"allow":["GET"]}}],"collection":[{"href":"https:\/\/shop.voicepoint.ch\/fr\/wp-json\/wp\/v2\/product"}],"about":[{"href":"https:\/\/shop.voicepoint.ch\/fr\/wp-json\/wp\/v2\/types\/product"}],"wp:featuredmedia":[{"embeddable":true,"href":"https:\/\/shop.voicepoint.ch\/fr\/wp-json\/wp\/v2\/media\/11788"}],"wp:attachment":[{"href":"https:\/\/shop.voicepoint.ch\/fr\/wp-json\/wp\/v2\/media?parent=11907"}],"wp:term":[{"taxonomy":"product_brand","embeddable":true,"href":"https:\/\/shop.voicepoint.ch\/fr\/wp-json\/wp\/v2\/product_brand?post=11907"},{"taxonomy":"product_cat","embeddable":true,"href":"https:\/\/shop.voicepoint.ch\/fr\/wp-json\/wp\/v2\/product_cat?post=11907"},{"taxonomy":"product_tag","embeddable":true,"href":"https:\/\/shop.voicepoint.ch\/fr\/wp-json\/wp\/v2\/product_tag?post=11907"}],"curies":[{"name":"wp","href":"https:\/\/api.w.org\/{rel}","templated":true}]}}