{"id":11917,"date":"2025-06-25T10:39:18","date_gmt":"2025-06-25T08:39:18","guid":{"rendered":"https:\/\/shop.voicepoint.ch\/produkt\/non class\u00e9\/philips-speechmike-iii-classic-premium-3510\/"},"modified":"2025-06-25T10:39:18","modified_gmt":"2025-06-25T08:39:18","slug":"philips-speechmike-iii-classic-premium-3510","status":"publish","type":"product","link":"https:\/\/shop.voicepoint.ch\/fr\/produit\/dictee-stationnaire\/philips-speechmike-iii-classic-premium-3510\/","title":{"rendered":"Philips SpeechMike III Classic Premium 3510"},"content":{"rendered":"<p>Dictaphone de dict\u00e9e sur PC avec interrupteur coulissant et boule de commande<\/p>\n<p>Le SpeechMike Philips r\u00e9unit microphone d&rsquo;enregistrement, haut-parleur de lecture, commande d&rsquo;enregistrement et navigation sur PC dans un seul appareil. Les mod\u00e8les de la s\u00e9rie Philips SpeechMike Premium disposent en outre d&rsquo;un capteur de mouvement int\u00e9gr\u00e9, d&rsquo;une boule de commande pour un fonctionnement de la souris int\u00e9gr\u00e9e ainsi que de touches de fonction suppl\u00e9mentaires librement configurables.<\/p>\n","protected":false},"excerpt":{"rendered":"<p>Dictaphone de dict\u00e9e sur PC avec interrupteur coulissant et boule de commande Le SpeechMike Philips r\u00e9unit microphone d&rsquo;enregistrement, haut-parleur de lecture, commande d&rsquo;enregistrement et navigation sur PC dans un seul appareil. Les mod\u00e8les de la s\u00e9rie Philips SpeechMike Premium disposent en outre d&rsquo;un capteur de mouvement int\u00e9gr\u00e9, d&rsquo;une boule de commande pour un fonctionnement de [&#8230;]\n","protected":false},"featured_media":1235,"template":"","meta":[],"product_brand":[],"product_cat":[76],"product_tag":[189],"class_list":{"0":"post-11917","1":"product","2":"type-product","3":"status-publish","4":"has-post-thumbnail","6":"product_cat-dictee-stationnaire","7":"product_tag-speechmike","9":"first","10":"instock","11":"taxable","12":"shipping-taxable","13":"purchasable","14":"product-type-simple"},"_links":{"self":[{"href":"https:\/\/shop.voicepoint.ch\/fr\/wp-json\/wp\/v2\/product\/11917","targetHints":{"allow":["GET"]}}],"collection":[{"href":"https:\/\/shop.voicepoint.ch\/fr\/wp-json\/wp\/v2\/product"}],"about":[{"href":"https:\/\/shop.voicepoint.ch\/fr\/wp-json\/wp\/v2\/types\/product"}],"wp:featuredmedia":[{"embeddable":true,"href":"https:\/\/shop.voicepoint.ch\/fr\/wp-json\/wp\/v2\/media\/1235"}],"wp:attachment":[{"href":"https:\/\/shop.voicepoint.ch\/fr\/wp-json\/wp\/v2\/media?parent=11917"}],"wp:term":[{"taxonomy":"product_brand","embeddable":true,"href":"https:\/\/shop.voicepoint.ch\/fr\/wp-json\/wp\/v2\/product_brand?post=11917"},{"taxonomy":"product_cat","embeddable":true,"href":"https:\/\/shop.voicepoint.ch\/fr\/wp-json\/wp\/v2\/product_cat?post=11917"},{"taxonomy":"product_tag","embeddable":true,"href":"https:\/\/shop.voicepoint.ch\/fr\/wp-json\/wp\/v2\/product_tag?post=11917"}],"curies":[{"name":"wp","href":"https:\/\/api.w.org\/{rel}","templated":true}]}}