{"id":1296,"date":"2017-05-02T09:38:44","date_gmt":"2017-05-02T07:38:44","guid":{"rendered":"http:\/\/shop.voicepoint.ch\/shop\/unkategorisiert\/philips-conference-recording-systeme-dpm-8900\/"},"modified":"2020-06-10T15:33:32","modified_gmt":"2020-06-10T13:33:32","slug":"philips-kit-de-conference-dpm-8900","status":"publish","type":"product","link":"https:\/\/shop.voicepoint.ch\/fr\/produit\/dictee-mobile\/philips-kit-de-conference-dpm-8900\/","title":{"rendered":"Philips Kit de conf\u00e9rence DPM 8900"},"content":{"rendered":"<p>Entregisteur de r\u00e9union professionnel<\/p>\n<p>Toutes les voix seront entendues et les id\u00e9es importantes ne seront jamais perdues. Cet enregistreur de r\u00e9union innovant vous permet de saisir les id\u00e9es de tous avec une excellente qualit\u00e9 audio, o\u00f9 qu\u2019ils soient assis autour de la table. Le syst\u00e8me de microphone \u00e0 360\u00b0 offre souplesse et confort. Avec le Kit de Transcription Philips 7177 (en option) vos donn\u00e9es vocales sont transcrites en donn\u00e9es textuelles en quelques secondes.<\/p>\n","protected":false},"excerpt":{"rendered":"<p>Entregisteur de r\u00e9union professionnel Toutes les voix seront entendues et les id\u00e9es importantes ne seront jamais perdues. Cet enregistreur de r\u00e9union innovant vous permet de saisir les id\u00e9es de tous avec une excellente qualit\u00e9 audio, o\u00f9 qu\u2019ils soient assis autour de la table. Le syst\u00e8me de microphone \u00e0 360\u00b0 offre souplesse et confort. Avec le [&#8230;]\n","protected":false},"featured_media":1070,"template":"","meta":[],"product_brand":[],"product_cat":[67],"product_tag":[170,169],"class_list":{"0":"post-1296","1":"product","2":"type-product","3":"status-publish","4":"has-post-thumbnail","6":"product_cat-dictee-mobile","7":"product_tag-dpm-8900","8":"product_tag-microphone","10":"first","11":"onbackorder","12":"taxable","13":"shipping-taxable","14":"purchasable","15":"product-type-simple"},"_links":{"self":[{"href":"https:\/\/shop.voicepoint.ch\/fr\/wp-json\/wp\/v2\/product\/1296","targetHints":{"allow":["GET"]}}],"collection":[{"href":"https:\/\/shop.voicepoint.ch\/fr\/wp-json\/wp\/v2\/product"}],"about":[{"href":"https:\/\/shop.voicepoint.ch\/fr\/wp-json\/wp\/v2\/types\/product"}],"wp:featuredmedia":[{"embeddable":true,"href":"https:\/\/shop.voicepoint.ch\/fr\/wp-json\/wp\/v2\/media\/1070"}],"wp:attachment":[{"href":"https:\/\/shop.voicepoint.ch\/fr\/wp-json\/wp\/v2\/media?parent=1296"}],"wp:term":[{"taxonomy":"product_brand","embeddable":true,"href":"https:\/\/shop.voicepoint.ch\/fr\/wp-json\/wp\/v2\/product_brand?post=1296"},{"taxonomy":"product_cat","embeddable":true,"href":"https:\/\/shop.voicepoint.ch\/fr\/wp-json\/wp\/v2\/product_cat?post=1296"},{"taxonomy":"product_tag","embeddable":true,"href":"https:\/\/shop.voicepoint.ch\/fr\/wp-json\/wp\/v2\/product_tag?post=1296"}],"curies":[{"name":"wp","href":"https:\/\/api.w.org\/{rel}","templated":true}]}}