{"id":1314,"date":"2017-05-02T11:10:46","date_gmt":"2017-05-02T09:10:46","guid":{"rendered":"http:\/\/shop.voicepoint.ch\/shop\/unkategorisiert\/philips-kit-de-depart-numerique-dpm-6700\/"},"modified":"2022-08-02T21:15:42","modified_gmt":"2022-08-02T19:15:42","slug":"philips-kit-de-depart-numerique-dpm-6700","status":"publish","type":"product","link":"https:\/\/shop.voicepoint.ch\/fr\/produit\/dictee-mobile\/philips-kit-de-depart-numerique-dpm-6700\/","title":{"rendered":"Philips kit de d\u00e9part num\u00e9rique DPM 6700"},"content":{"rendered":"<p>Kit avec Philips Digital Pocket Memo 6000 et Philips Kit de Transcription 7177<br \/>\n(Article <a href=\"https:\/\/shop.voicepoint.ch\/produkt\/mobiles-diktieren\/philips-dpm-6000\/\">342120<\/a> ensemble avec <a href=\"https:\/\/shop.voicepoint.ch\/produkt\/transkription\/philips-transcription-set-7177\/\">334172<\/a>)<\/p>\n<p><strong>Philips DPM 6000: Appareil \u00e0 dicter semi-professionnel avec boutons poussoir<\/strong><br \/>\nL\u2019enregistreur vocal DPM 6000 avec ses deux microphones offre une qualit\u00e9 audio sup\u00e9rieure pour vos dict\u00e9es. Son design robuste et l\u00e9ger fournit une ergonomie parfaite pour travailler pendant plusieurs heures d\u2019affil\u00e9e. Les fonctions d\u2019\u00e9conomie d\u2019\u00e9nergie et une batterie Li-ion de haute capacit\u00e9 offrent une capacit\u00e9 d\u2019enregistrement prolong\u00e9e et un chargement facile gr\u00e2ce \u00e0 une connexion USB standard.<\/p>\n<p><strong>Kit de Transcription 7177: Kit de transcription semi-professionnel<\/strong><br \/>\nLe kit de transcription est une solution de cr\u00e9ation de documents num\u00e9rique, sp\u00e9cifiquement con\u00e7ue pour rendre la transcription simple et intuitive. Les accessoires ergonomiques et le logiciel SpeechExec Standard vous permettent de g\u00e9rer vos t\u00e2ches facilement.<\/p>\n","protected":false},"excerpt":{"rendered":"<p>Kit avec Philips Digital Pocket Memo 6000 et Philips Kit de Transcription 7177 (Article 342120 ensemble avec 334172) Philips DPM 6000: Appareil \u00e0 dicter semi-professionnel avec boutons poussoir L\u2019enregistreur vocal DPM 6000 avec ses deux microphones offre une qualit\u00e9 audio sup\u00e9rieure pour vos dict\u00e9es. Son design robuste et l\u00e9ger fournit une ergonomie parfaite pour travailler [&#8230;]\n","protected":false},"featured_media":1061,"template":"","meta":[],"product_brand":[],"product_cat":[67,166],"product_tag":[180],"class_list":{"0":"post-1314","1":"product","2":"type-product","3":"status-publish","4":"has-post-thumbnail","6":"product_cat-dictee-mobile","7":"product_cat-transcription","8":"product_tag-dpm-6700","10":"first","11":"instock","12":"taxable","13":"shipping-taxable","14":"purchasable","15":"product-type-simple"},"_links":{"self":[{"href":"https:\/\/shop.voicepoint.ch\/fr\/wp-json\/wp\/v2\/product\/1314","targetHints":{"allow":["GET"]}}],"collection":[{"href":"https:\/\/shop.voicepoint.ch\/fr\/wp-json\/wp\/v2\/product"}],"about":[{"href":"https:\/\/shop.voicepoint.ch\/fr\/wp-json\/wp\/v2\/types\/product"}],"wp:featuredmedia":[{"embeddable":true,"href":"https:\/\/shop.voicepoint.ch\/fr\/wp-json\/wp\/v2\/media\/1061"}],"wp:attachment":[{"href":"https:\/\/shop.voicepoint.ch\/fr\/wp-json\/wp\/v2\/media?parent=1314"}],"wp:term":[{"taxonomy":"product_brand","embeddable":true,"href":"https:\/\/shop.voicepoint.ch\/fr\/wp-json\/wp\/v2\/product_brand?post=1314"},{"taxonomy":"product_cat","embeddable":true,"href":"https:\/\/shop.voicepoint.ch\/fr\/wp-json\/wp\/v2\/product_cat?post=1314"},{"taxonomy":"product_tag","embeddable":true,"href":"https:\/\/shop.voicepoint.ch\/fr\/wp-json\/wp\/v2\/product_tag?post=1314"}],"curies":[{"name":"wp","href":"https:\/\/api.w.org\/{rel}","templated":true}]}}