{"id":1342,"date":"2017-05-02T10:45:28","date_gmt":"2017-05-02T08:45:28","guid":{"rendered":"http:\/\/shop.voicepoint.ch\/shop\/unkategorisiert\/kit-de-transcription-philips-speechexec-7177\/"},"modified":"2022-05-06T14:56:25","modified_gmt":"2022-05-06T12:56:25","slug":"philips-kit-de-transcription-7177","status":"publish","type":"product","link":"https:\/\/shop.voicepoint.ch\/fr\/produit\/transcription\/philips-kit-de-transcription-7177\/","title":{"rendered":"Philips Kit de Transcription 7177"},"content":{"rendered":"<p>Kit de transcription semi-professionnel<\/p>\n<p>Le kit de transcription est une solution de cr\u00e9ation de documents num\u00e9rique, sp\u00e9cifiquement con\u00e7ue pour rendre la transcription simple et intuitive. Les accessoires ergonomiques et le logiciel SpeechExec Standard vous permettent de g\u00e9rer vos t\u00e2ches facilement.<\/p>\n","protected":false},"excerpt":{"rendered":"<p>Kit de transcription semi-professionnel Le kit de transcription est une solution de cr\u00e9ation de documents num\u00e9rique, sp\u00e9cifiquement con\u00e7ue pour rendre la transcription simple et intuitive. Les accessoires ergonomiques et le logiciel SpeechExec Standard vous permettent de g\u00e9rer vos t\u00e2ches facilement.<\/p>\n","protected":false},"featured_media":2494,"template":"","meta":[],"product_brand":[],"product_cat":[166],"product_tag":[],"class_list":{"0":"post-1342","1":"product","2":"type-product","3":"status-publish","4":"has-post-thumbnail","6":"product_cat-transcription","8":"first","9":"instock","10":"taxable","11":"shipping-taxable","12":"purchasable","13":"product-type-simple"},"_links":{"self":[{"href":"https:\/\/shop.voicepoint.ch\/fr\/wp-json\/wp\/v2\/product\/1342","targetHints":{"allow":["GET"]}}],"collection":[{"href":"https:\/\/shop.voicepoint.ch\/fr\/wp-json\/wp\/v2\/product"}],"about":[{"href":"https:\/\/shop.voicepoint.ch\/fr\/wp-json\/wp\/v2\/types\/product"}],"wp:featuredmedia":[{"embeddable":true,"href":"https:\/\/shop.voicepoint.ch\/fr\/wp-json\/wp\/v2\/media\/2494"}],"wp:attachment":[{"href":"https:\/\/shop.voicepoint.ch\/fr\/wp-json\/wp\/v2\/media?parent=1342"}],"wp:term":[{"taxonomy":"product_brand","embeddable":true,"href":"https:\/\/shop.voicepoint.ch\/fr\/wp-json\/wp\/v2\/product_brand?post=1342"},{"taxonomy":"product_cat","embeddable":true,"href":"https:\/\/shop.voicepoint.ch\/fr\/wp-json\/wp\/v2\/product_cat?post=1342"},{"taxonomy":"product_tag","embeddable":true,"href":"https:\/\/shop.voicepoint.ch\/fr\/wp-json\/wp\/v2\/product_tag?post=1342"}],"curies":[{"name":"wp","href":"https:\/\/api.w.org\/{rel}","templated":true}]}}