{"id":1348,"date":"2017-05-02T11:03:26","date_gmt":"2017-05-02T09:03:26","guid":{"rendered":"http:\/\/shop.voicepoint.ch\/shop\/unkategorisiert\/mousses-pour-ecouteurs-0334\/"},"modified":"2024-05-13T21:45:20","modified_gmt":"2024-05-13T19:45:20","slug":"mousses-pour-ecouteurs-philips-0334","status":"publish","type":"product","link":"https:\/\/shop.voicepoint.ch\/fr\/produit\/accessoires\/mousses-pour-ecouteurs-philips-0334\/","title":{"rendered":"Mousses pour \u00e9couteurs Philips 0334"},"content":{"rendered":"<p>5 x 2 mousses pour les \u00e9couteurs st\u00e9r\u00e9o 0334<\/p>\n","protected":false},"excerpt":{"rendered":"<p>5 x 2 mousses pour les \u00e9couteurs st\u00e9r\u00e9o 0334<\/p>\n","protected":false},"featured_media":1428,"template":"","meta":[],"product_brand":[],"product_cat":[192],"product_tag":[190,195],"class_list":{"0":"post-1348","1":"product","2":"type-product","3":"status-publish","4":"has-post-thumbnail","6":"product_cat-accessoires","7":"product_tag-ecouteur-headset","8":"product_tag-mousses-pour-ecouteurs","10":"first","11":"instock","12":"taxable","13":"shipping-taxable","14":"purchasable","15":"product-type-simple"},"_links":{"self":[{"href":"https:\/\/shop.voicepoint.ch\/fr\/wp-json\/wp\/v2\/product\/1348","targetHints":{"allow":["GET"]}}],"collection":[{"href":"https:\/\/shop.voicepoint.ch\/fr\/wp-json\/wp\/v2\/product"}],"about":[{"href":"https:\/\/shop.voicepoint.ch\/fr\/wp-json\/wp\/v2\/types\/product"}],"wp:featuredmedia":[{"embeddable":true,"href":"https:\/\/shop.voicepoint.ch\/fr\/wp-json\/wp\/v2\/media\/1428"}],"wp:attachment":[{"href":"https:\/\/shop.voicepoint.ch\/fr\/wp-json\/wp\/v2\/media?parent=1348"}],"wp:term":[{"taxonomy":"product_brand","embeddable":true,"href":"https:\/\/shop.voicepoint.ch\/fr\/wp-json\/wp\/v2\/product_brand?post=1348"},{"taxonomy":"product_cat","embeddable":true,"href":"https:\/\/shop.voicepoint.ch\/fr\/wp-json\/wp\/v2\/product_cat?post=1348"},{"taxonomy":"product_tag","embeddable":true,"href":"https:\/\/shop.voicepoint.ch\/fr\/wp-json\/wp\/v2\/product_tag?post=1348"}],"curies":[{"name":"wp","href":"https:\/\/api.w.org\/{rel}","templated":true}]}}