{"id":1350,"date":"2017-05-02T11:38:08","date_gmt":"2017-05-02T09:38:08","guid":{"rendered":"http:\/\/shop.voicepoint.ch\/shop\/unkategorisiert\/mousses-pour-ecouteurs-spectra-usb3-5mm\/"},"modified":"2025-04-30T21:45:03","modified_gmt":"2025-04-30T19:45:03","slug":"mousses-pour-ecouteurs-spectra-usb3-5mm","status":"publish","type":"product","link":"https:\/\/shop.voicepoint.ch\/fr\/produit\/accessoires\/mousses-pour-ecouteurs-spectra-usb3-5mm\/","title":{"rendered":"Mousses pour \u00e9couteurs Spectra USB\/3.5mm"},"content":{"rendered":"<p>5 x 2 mousses pour l\u2019\u00e9couteur st\u00e9r\u00e9o Spectra USB\/3.5mm.<\/p>\n","protected":false},"excerpt":{"rendered":"<p>5 x 2 mousses pour l\u2019\u00e9couteur st\u00e9r\u00e9o Spectra USB\/3.5mm.<\/p>\n","protected":false},"featured_media":1425,"template":"","meta":[],"product_brand":[],"product_cat":[192],"product_tag":[190,195],"class_list":{"0":"post-1350","1":"product","2":"type-product","3":"status-publish","4":"has-post-thumbnail","6":"product_cat-accessoires","7":"product_tag-ecouteur-headset","8":"product_tag-mousses-pour-ecouteurs","10":"first","11":"instock","12":"taxable","13":"shipping-taxable","14":"purchasable","15":"product-type-simple"},"_links":{"self":[{"href":"https:\/\/shop.voicepoint.ch\/fr\/wp-json\/wp\/v2\/product\/1350","targetHints":{"allow":["GET"]}}],"collection":[{"href":"https:\/\/shop.voicepoint.ch\/fr\/wp-json\/wp\/v2\/product"}],"about":[{"href":"https:\/\/shop.voicepoint.ch\/fr\/wp-json\/wp\/v2\/types\/product"}],"wp:featuredmedia":[{"embeddable":true,"href":"https:\/\/shop.voicepoint.ch\/fr\/wp-json\/wp\/v2\/media\/1425"}],"wp:attachment":[{"href":"https:\/\/shop.voicepoint.ch\/fr\/wp-json\/wp\/v2\/media?parent=1350"}],"wp:term":[{"taxonomy":"product_brand","embeddable":true,"href":"https:\/\/shop.voicepoint.ch\/fr\/wp-json\/wp\/v2\/product_brand?post=1350"},{"taxonomy":"product_cat","embeddable":true,"href":"https:\/\/shop.voicepoint.ch\/fr\/wp-json\/wp\/v2\/product_cat?post=1350"},{"taxonomy":"product_tag","embeddable":true,"href":"https:\/\/shop.voicepoint.ch\/fr\/wp-json\/wp\/v2\/product_tag?post=1350"}],"curies":[{"name":"wp","href":"https:\/\/api.w.org\/{rel}","templated":true}]}}