{"id":1351,"date":"2017-05-02T09:16:38","date_gmt":"2017-05-02T07:16:38","guid":{"rendered":"http:\/\/shop.voicepoint.ch\/shop\/unkategorisiert\/olympus-ac-adaptateur-a-517\/"},"modified":"2024-07-15T15:17:50","modified_gmt":"2024-07-15T13:17:50","slug":"olympus-f-5ac-a-ac-adapteur-pour-ds-9000-et-plus-ancien","status":"publish","type":"product","link":"https:\/\/shop.voicepoint.ch\/fr\/produit\/accessoires\/olympus-f-5ac-a-ac-adapteur-pour-ds-9000-et-plus-ancien\/","title":{"rendered":"Olympus F-5AC\/A AC-Adapteur pour DS-9000 et plus ancien"},"content":{"rendered":"<p>Adaptateur \/ chargeur pour le DS-9000 et plus ancien. Raccordement \u00e0 la station d&rsquo;accueil CR-21 ou directement \u00e0 l&rsquo;appareil \u00e0 dicter.<\/p>\n","protected":false},"excerpt":{"rendered":"<p>Adaptateur \/ chargeur pour le DS-9000 et plus ancien. Raccordement \u00e0 la station d&rsquo;accueil CR-21 ou directement \u00e0 l&rsquo;appareil \u00e0 dicter.<\/p>\n","protected":false},"featured_media":1132,"template":"","meta":[],"product_brand":[],"product_cat":[192],"product_tag":[69,71],"class_list":{"0":"post-1351","1":"product","2":"type-product","3":"status-publish","4":"has-post-thumbnail","6":"product_cat-accessoires","7":"product_tag-ds-3500","8":"product_tag-ds-7000","10":"first","11":"instock","12":"taxable","13":"shipping-taxable","14":"purchasable","15":"product-type-simple"},"_links":{"self":[{"href":"https:\/\/shop.voicepoint.ch\/fr\/wp-json\/wp\/v2\/product\/1351","targetHints":{"allow":["GET"]}}],"collection":[{"href":"https:\/\/shop.voicepoint.ch\/fr\/wp-json\/wp\/v2\/product"}],"about":[{"href":"https:\/\/shop.voicepoint.ch\/fr\/wp-json\/wp\/v2\/types\/product"}],"wp:featuredmedia":[{"embeddable":true,"href":"https:\/\/shop.voicepoint.ch\/fr\/wp-json\/wp\/v2\/media\/1132"}],"wp:attachment":[{"href":"https:\/\/shop.voicepoint.ch\/fr\/wp-json\/wp\/v2\/media?parent=1351"}],"wp:term":[{"taxonomy":"product_brand","embeddable":true,"href":"https:\/\/shop.voicepoint.ch\/fr\/wp-json\/wp\/v2\/product_brand?post=1351"},{"taxonomy":"product_cat","embeddable":true,"href":"https:\/\/shop.voicepoint.ch\/fr\/wp-json\/wp\/v2\/product_cat?post=1351"},{"taxonomy":"product_tag","embeddable":true,"href":"https:\/\/shop.voicepoint.ch\/fr\/wp-json\/wp\/v2\/product_tag?post=1351"}],"curies":[{"name":"wp","href":"https:\/\/api.w.org\/{rel}","templated":true}]}}