{"id":1355,"date":"2017-05-02T09:20:00","date_gmt":"2017-05-02T07:20:00","guid":{"rendered":"http:\/\/shop.voicepoint.ch\/shop\/unkategorisiert\/olympus-pedale-de-commande-rs-28\/"},"modified":"2023-05-31T15:44:50","modified_gmt":"2023-05-31T13:44:50","slug":"olympus-pedale-de-commande-rs-28","status":"publish","type":"product","link":"https:\/\/shop.voicepoint.ch\/fr\/produit\/accessoires\/olympus-pedale-de-commande-rs-28\/","title":{"rendered":"Olympus p\u00e9dale de commande RS-28"},"content":{"rendered":"<p>Pour l\u2019\u00e9coute de la dict\u00e9e sur PC (le logiciel DSS Player Pro est obligatoire). Comprenant un c\u00e2ble d\u2019adaptateur USB ou de S\u00e9rie.<\/p>\n","protected":false},"excerpt":{"rendered":"<p>Pour l\u2019\u00e9coute de la dict\u00e9e sur PC (le logiciel DSS Player Pro est obligatoire). Comprenant un c\u00e2ble d\u2019adaptateur USB ou de S\u00e9rie.<\/p>\n","protected":false},"featured_media":1159,"template":"","meta":[],"product_brand":[],"product_cat":[192],"product_tag":[168,191],"class_list":{"0":"post-1355","1":"product","2":"type-product","3":"status-publish","4":"has-post-thumbnail","6":"product_cat-accessoires","7":"product_tag-as-2400","8":"product_tag-pedale-de-commande","10":"first","11":"instock","12":"taxable","13":"shipping-taxable","14":"purchasable","15":"product-type-simple"},"_links":{"self":[{"href":"https:\/\/shop.voicepoint.ch\/fr\/wp-json\/wp\/v2\/product\/1355","targetHints":{"allow":["GET"]}}],"collection":[{"href":"https:\/\/shop.voicepoint.ch\/fr\/wp-json\/wp\/v2\/product"}],"about":[{"href":"https:\/\/shop.voicepoint.ch\/fr\/wp-json\/wp\/v2\/types\/product"}],"wp:featuredmedia":[{"embeddable":true,"href":"https:\/\/shop.voicepoint.ch\/fr\/wp-json\/wp\/v2\/media\/1159"}],"wp:attachment":[{"href":"https:\/\/shop.voicepoint.ch\/fr\/wp-json\/wp\/v2\/media?parent=1355"}],"wp:term":[{"taxonomy":"product_brand","embeddable":true,"href":"https:\/\/shop.voicepoint.ch\/fr\/wp-json\/wp\/v2\/product_brand?post=1355"},{"taxonomy":"product_cat","embeddable":true,"href":"https:\/\/shop.voicepoint.ch\/fr\/wp-json\/wp\/v2\/product_cat?post=1355"},{"taxonomy":"product_tag","embeddable":true,"href":"https:\/\/shop.voicepoint.ch\/fr\/wp-json\/wp\/v2\/product_tag?post=1355"}],"curies":[{"name":"wp","href":"https:\/\/api.w.org\/{rel}","templated":true}]}}