{"id":1357,"date":"2017-05-02T09:25:48","date_gmt":"2017-05-02T07:25:48","guid":{"rendered":"http:\/\/shop.voicepoint.ch\/shop\/unkategorisiert\/olympus-ecouteur-stereo-e-102\/"},"modified":"2025-05-07T13:41:18","modified_gmt":"2025-05-07T11:41:18","slug":"olympus-ecouteur-stereo-e-103","status":"publish","type":"product","link":"https:\/\/shop.voicepoint.ch\/fr\/produit\/accessoires\/olympus-ecouteur-stereo-e-103\/","title":{"rendered":"Olympus \u00e9couteur st\u00e9r\u00e9o E-103"},"content":{"rendered":"<p>Ecouteur robuste et confortable de qualit\u00e9 st\u00e9r\u00e9o pour l\u2019\u00e9coute des dict\u00e9es. Fait partie du kit AS-9000 et AS-2400. Fiche de 3.5mm pour connexion su PC.<\/p>\n","protected":false},"excerpt":{"rendered":"<p>Ecouteur robuste et confortable de qualit\u00e9 st\u00e9r\u00e9o pour l\u2019\u00e9coute des dict\u00e9es. Fait partie du kit AS-9000 et AS-2400. Fiche de 3.5mm pour connexion su PC.<\/p>\n","protected":false},"featured_media":1165,"template":"","meta":[],"product_brand":[],"product_cat":[192],"product_tag":[168,329,190],"class_list":{"0":"post-1357","1":"product","2":"type-product","3":"status-publish","4":"has-post-thumbnail","6":"product_cat-accessoires","7":"product_tag-as-2400","8":"product_tag-as-9000","9":"product_tag-ecouteur-headset","11":"first","12":"instock","13":"taxable","14":"shipping-taxable","15":"purchasable","16":"product-type-simple"},"_links":{"self":[{"href":"https:\/\/shop.voicepoint.ch\/fr\/wp-json\/wp\/v2\/product\/1357","targetHints":{"allow":["GET"]}}],"collection":[{"href":"https:\/\/shop.voicepoint.ch\/fr\/wp-json\/wp\/v2\/product"}],"about":[{"href":"https:\/\/shop.voicepoint.ch\/fr\/wp-json\/wp\/v2\/types\/product"}],"wp:featuredmedia":[{"embeddable":true,"href":"https:\/\/shop.voicepoint.ch\/fr\/wp-json\/wp\/v2\/media\/1165"}],"wp:attachment":[{"href":"https:\/\/shop.voicepoint.ch\/fr\/wp-json\/wp\/v2\/media?parent=1357"}],"wp:term":[{"taxonomy":"product_brand","embeddable":true,"href":"https:\/\/shop.voicepoint.ch\/fr\/wp-json\/wp\/v2\/product_brand?post=1357"},{"taxonomy":"product_cat","embeddable":true,"href":"https:\/\/shop.voicepoint.ch\/fr\/wp-json\/wp\/v2\/product_cat?post=1357"},{"taxonomy":"product_tag","embeddable":true,"href":"https:\/\/shop.voicepoint.ch\/fr\/wp-json\/wp\/v2\/product_tag?post=1357"}],"curies":[{"name":"wp","href":"https:\/\/api.w.org\/{rel}","templated":true}]}}