{"id":1361,"date":"2017-05-02T10:53:54","date_gmt":"2017-05-02T08:53:54","guid":{"rendered":"http:\/\/shop.voicepoint.ch\/shop\/unkategorisiert\/philips-accu-8100\/"},"modified":"2025-09-16T12:51:31","modified_gmt":"2025-09-16T10:51:31","slug":"philips-accu-8100","status":"publish","type":"product","link":"https:\/\/shop.voicepoint.ch\/fr\/produit\/accessoires\/philips-accu-8100\/","title":{"rendered":"Philips Accu 8100"},"content":{"rendered":"<p>Pour les appareils de type Philips s\u00e9rie DPM8xxx. Les accus peuvent \u00eatre recharg\u00e9s par une connexion USB ou par la station d\u2019accueil.<\/p>\n","protected":false},"excerpt":{"rendered":"<p>Pour les appareils de type Philips s\u00e9rie DPM8xxx. Les accus peuvent \u00eatre recharg\u00e9s par une connexion USB ou par la station d\u2019accueil.<\/p>\n","protected":false},"featured_media":1174,"template":"","meta":[],"product_brand":[],"product_cat":[192],"product_tag":[321,322,170],"class_list":{"0":"post-1361","1":"product","2":"type-product","3":"status-publish","4":"has-post-thumbnail","6":"product_cat-accessoires","7":"product_tag-dpm-8000-8200","8":"product_tag-dpm-8100-8300","9":"product_tag-dpm-8900","11":"first","12":"onbackorder","13":"taxable","14":"shipping-taxable","15":"purchasable","16":"product-type-simple"},"_links":{"self":[{"href":"https:\/\/shop.voicepoint.ch\/fr\/wp-json\/wp\/v2\/product\/1361","targetHints":{"allow":["GET"]}}],"collection":[{"href":"https:\/\/shop.voicepoint.ch\/fr\/wp-json\/wp\/v2\/product"}],"about":[{"href":"https:\/\/shop.voicepoint.ch\/fr\/wp-json\/wp\/v2\/types\/product"}],"wp:featuredmedia":[{"embeddable":true,"href":"https:\/\/shop.voicepoint.ch\/fr\/wp-json\/wp\/v2\/media\/1174"}],"wp:attachment":[{"href":"https:\/\/shop.voicepoint.ch\/fr\/wp-json\/wp\/v2\/media?parent=1361"}],"wp:term":[{"taxonomy":"product_brand","embeddable":true,"href":"https:\/\/shop.voicepoint.ch\/fr\/wp-json\/wp\/v2\/product_brand?post=1361"},{"taxonomy":"product_cat","embeddable":true,"href":"https:\/\/shop.voicepoint.ch\/fr\/wp-json\/wp\/v2\/product_cat?post=1361"},{"taxonomy":"product_tag","embeddable":true,"href":"https:\/\/shop.voicepoint.ch\/fr\/wp-json\/wp\/v2\/product_tag?post=1361"}],"curies":[{"name":"wp","href":"https:\/\/api.w.org\/{rel}","templated":true}]}}