{"id":1365,"date":"2017-05-02T11:04:21","date_gmt":"2017-05-02T09:04:21","guid":{"rendered":"http:\/\/shop.voicepoint.ch\/shop\/unkategorisiert\/philips-pedale-de-commande-2330\/"},"modified":"2020-09-09T11:23:47","modified_gmt":"2020-09-09T09:23:47","slug":"philips-pedale-de-commande-2330","status":"publish","type":"product","link":"https:\/\/shop.voicepoint.ch\/fr\/produit\/accessoires\/philips-pedale-de-commande-2330\/","title":{"rendered":"Philips p\u00e9dale de commande 2330"},"content":{"rendered":"<p>P\u00e9dale de commande USB avec 4 commandes param\u00e9trables<\/p>\n<p>P\u00e9dale de commande param\u00e9trable \u00e0 4 commandes pour l\u2019\u00e9coute de la dict\u00e9e sur PC avec connexion USB.<\/p>\n","protected":false},"excerpt":{"rendered":"<p>P\u00e9dale de commande USB avec 4 commandes param\u00e9trables P\u00e9dale de commande param\u00e9trable \u00e0 4 commandes pour l\u2019\u00e9coute de la dict\u00e9e sur PC avec connexion USB.<\/p>\n","protected":false},"featured_media":2485,"template":"","meta":[],"product_brand":[],"product_cat":[192],"product_tag":[191],"class_list":{"0":"post-1365","1":"product","2":"type-product","3":"status-publish","4":"has-post-thumbnail","6":"product_cat-accessoires","7":"product_tag-pedale-de-commande","9":"first","10":"instock","11":"taxable","12":"shipping-taxable","13":"purchasable","14":"product-type-simple"},"_links":{"self":[{"href":"https:\/\/shop.voicepoint.ch\/fr\/wp-json\/wp\/v2\/product\/1365","targetHints":{"allow":["GET"]}}],"collection":[{"href":"https:\/\/shop.voicepoint.ch\/fr\/wp-json\/wp\/v2\/product"}],"about":[{"href":"https:\/\/shop.voicepoint.ch\/fr\/wp-json\/wp\/v2\/types\/product"}],"wp:featuredmedia":[{"embeddable":true,"href":"https:\/\/shop.voicepoint.ch\/fr\/wp-json\/wp\/v2\/media\/2485"}],"wp:attachment":[{"href":"https:\/\/shop.voicepoint.ch\/fr\/wp-json\/wp\/v2\/media?parent=1365"}],"wp:term":[{"taxonomy":"product_brand","embeddable":true,"href":"https:\/\/shop.voicepoint.ch\/fr\/wp-json\/wp\/v2\/product_brand?post=1365"},{"taxonomy":"product_cat","embeddable":true,"href":"https:\/\/shop.voicepoint.ch\/fr\/wp-json\/wp\/v2\/product_cat?post=1365"},{"taxonomy":"product_tag","embeddable":true,"href":"https:\/\/shop.voicepoint.ch\/fr\/wp-json\/wp\/v2\/product_tag?post=1365"}],"curies":[{"name":"wp","href":"https:\/\/api.w.org\/{rel}","templated":true}]}}