{"id":1367,"date":"2017-05-02T11:01:13","date_gmt":"2017-05-02T09:01:13","guid":{"rendered":"http:\/\/shop.voicepoint.ch\/shop\/unkategorisiert\/philips-ecouteur-stereo-2236\/"},"modified":"2020-05-22T22:30:24","modified_gmt":"2020-05-22T20:30:24","slug":"philips-ecouteur-stereo-2236","status":"publish","type":"product","link":"https:\/\/shop.voicepoint.ch\/fr\/produit\/accessoires\/philips-ecouteur-stereo-2236\/","title":{"rendered":"Philips \u00e9couteur st\u00e9r\u00e9o 2236"},"content":{"rendered":"<p>Ecouteur st\u00e9r\u00e9o pour la transcription, avec connexion audio 3.5mm<\/p>\n<p>Connexion Audio 3.5 mm, pour la prise de la carte son du PC.<\/p>\n","protected":false},"excerpt":{"rendered":"<p>Ecouteur st\u00e9r\u00e9o pour la transcription, avec connexion audio 3.5mm Connexion Audio 3.5 mm, pour la prise de la carte son du PC.<\/p>\n","protected":false},"featured_media":1186,"template":"","meta":[],"product_brand":[],"product_cat":[192],"product_tag":[190],"class_list":{"0":"post-1367","1":"product","2":"type-product","3":"status-publish","4":"has-post-thumbnail","6":"product_cat-accessoires","7":"product_tag-ecouteur-headset","9":"first","10":"onbackorder","11":"taxable","12":"shipping-taxable","13":"purchasable","14":"product-type-simple"},"_links":{"self":[{"href":"https:\/\/shop.voicepoint.ch\/fr\/wp-json\/wp\/v2\/product\/1367","targetHints":{"allow":["GET"]}}],"collection":[{"href":"https:\/\/shop.voicepoint.ch\/fr\/wp-json\/wp\/v2\/product"}],"about":[{"href":"https:\/\/shop.voicepoint.ch\/fr\/wp-json\/wp\/v2\/types\/product"}],"wp:featuredmedia":[{"embeddable":true,"href":"https:\/\/shop.voicepoint.ch\/fr\/wp-json\/wp\/v2\/media\/1186"}],"wp:attachment":[{"href":"https:\/\/shop.voicepoint.ch\/fr\/wp-json\/wp\/v2\/media?parent=1367"}],"wp:term":[{"taxonomy":"product_brand","embeddable":true,"href":"https:\/\/shop.voicepoint.ch\/fr\/wp-json\/wp\/v2\/product_brand?post=1367"},{"taxonomy":"product_cat","embeddable":true,"href":"https:\/\/shop.voicepoint.ch\/fr\/wp-json\/wp\/v2\/product_cat?post=1367"},{"taxonomy":"product_tag","embeddable":true,"href":"https:\/\/shop.voicepoint.ch\/fr\/wp-json\/wp\/v2\/product_tag?post=1367"}],"curies":[{"name":"wp","href":"https:\/\/api.w.org\/{rel}","templated":true}]}}