{"id":1368,"date":"2017-05-02T10:57:02","date_gmt":"2017-05-02T08:57:02","guid":{"rendered":"http:\/\/shop.voicepoint.ch\/shop\/unkategorisiert\/philips-microphone-de-conference-9172\/"},"modified":"2022-08-08T07:27:18","modified_gmt":"2022-08-08T05:27:18","slug":"philips-microphone-de-conference-9172","status":"publish","type":"product","link":"https:\/\/shop.voicepoint.ch\/fr\/produit\/accessoires\/philips-microphone-de-conference-9172\/","title":{"rendered":"Philips Microphone de conf\u00e9rence 9172"},"content":{"rendered":"<p>Microphone \u00e0 effet de surface avec connecteur rond de 3.5mm pour des prises de son \u00e0 360\u00b0 lors de conf\u00e9rences.<\/p>\n<p>Le microphone de r\u00e9union Philips compl\u00e8te parfaitement votre enregistreur num\u00e9rique. Il offre une qualit\u00e9 sonore exceptionnelle tout en \u00e9tant tr\u00e8s simple d&rsquo;utilisation. Sous un aspect classique, une technologie r\u00e9volutionnaire. Jusqu\u2019\u00e0 6 microphones peuvent \u00eatre connect\u00e9s les uns aux autres.<\/p>\n","protected":false},"excerpt":{"rendered":"<p>Microphone \u00e0 effet de surface avec connecteur rond de 3.5mm pour des prises de son \u00e0 360\u00b0 lors de conf\u00e9rences. Le microphone de r\u00e9union Philips compl\u00e8te parfaitement votre enregistreur num\u00e9rique. Il offre une qualit\u00e9 sonore exceptionnelle tout en \u00e9tant tr\u00e8s simple d&rsquo;utilisation. Sous un aspect classique, une technologie r\u00e9volutionnaire. Jusqu\u2019\u00e0 6 microphones peuvent \u00eatre connect\u00e9s [&#8230;]\n","protected":false},"featured_media":1202,"template":"","meta":[],"product_brand":[],"product_cat":[192],"product_tag":[169],"class_list":{"0":"post-1368","1":"product","2":"type-product","3":"status-publish","4":"has-post-thumbnail","6":"product_cat-accessoires","7":"product_tag-microphone","9":"first","10":"onbackorder","11":"taxable","12":"shipping-taxable","13":"purchasable","14":"product-type-simple"},"_links":{"self":[{"href":"https:\/\/shop.voicepoint.ch\/fr\/wp-json\/wp\/v2\/product\/1368","targetHints":{"allow":["GET"]}}],"collection":[{"href":"https:\/\/shop.voicepoint.ch\/fr\/wp-json\/wp\/v2\/product"}],"about":[{"href":"https:\/\/shop.voicepoint.ch\/fr\/wp-json\/wp\/v2\/types\/product"}],"wp:featuredmedia":[{"embeddable":true,"href":"https:\/\/shop.voicepoint.ch\/fr\/wp-json\/wp\/v2\/media\/1202"}],"wp:attachment":[{"href":"https:\/\/shop.voicepoint.ch\/fr\/wp-json\/wp\/v2\/media?parent=1368"}],"wp:term":[{"taxonomy":"product_brand","embeddable":true,"href":"https:\/\/shop.voicepoint.ch\/fr\/wp-json\/wp\/v2\/product_brand?post=1368"},{"taxonomy":"product_cat","embeddable":true,"href":"https:\/\/shop.voicepoint.ch\/fr\/wp-json\/wp\/v2\/product_cat?post=1368"},{"taxonomy":"product_tag","embeddable":true,"href":"https:\/\/shop.voicepoint.ch\/fr\/wp-json\/wp\/v2\/product_tag?post=1368"}],"curies":[{"name":"wp","href":"https:\/\/api.w.org\/{rel}","templated":true}]}}