{"id":1372,"date":"2017-05-02T11:36:01","date_gmt":"2017-05-02T09:36:01","guid":{"rendered":"http:\/\/shop.voicepoint.ch\/shop\/unkategorisiert\/microphone-de-type-col-de-cygne-usb\/"},"modified":"2020-03-26T12:30:45","modified_gmt":"2020-03-26T11:30:45","slug":"microphone-de-type-col-de-cygne-usb","status":"publish","type":"product","link":"https:\/\/shop.voicepoint.ch\/fr\/produit\/accessoires\/microphone-de-type-col-de-cygne-usb\/","title":{"rendered":"Microphone de type \u00ab\u00a0Col de Cygne\u00a0\u00bb &#8211; USB"},"content":{"rendered":"<p>Microphone st\u00e9r\u00e9o professionnel avec r\u00e9ducteur de bruit, interface USB et lampes pour le contr\u00f4le de l\u2019enregistrement.<\/p>\n","protected":false},"excerpt":{"rendered":"<p>Microphone st\u00e9r\u00e9o professionnel avec r\u00e9ducteur de bruit, interface USB et lampes pour le contr\u00f4le de l\u2019enregistrement.<\/p>\n","protected":false},"featured_media":1286,"template":"","meta":[],"product_brand":[],"product_cat":[192],"product_tag":[169],"class_list":{"0":"post-1372","1":"product","2":"type-product","3":"status-publish","4":"has-post-thumbnail","6":"product_cat-accessoires","7":"product_tag-microphone","9":"first","10":"instock","11":"taxable","12":"shipping-taxable","13":"purchasable","14":"product-type-simple"},"_links":{"self":[{"href":"https:\/\/shop.voicepoint.ch\/fr\/wp-json\/wp\/v2\/product\/1372","targetHints":{"allow":["GET"]}}],"collection":[{"href":"https:\/\/shop.voicepoint.ch\/fr\/wp-json\/wp\/v2\/product"}],"about":[{"href":"https:\/\/shop.voicepoint.ch\/fr\/wp-json\/wp\/v2\/types\/product"}],"wp:featuredmedia":[{"embeddable":true,"href":"https:\/\/shop.voicepoint.ch\/fr\/wp-json\/wp\/v2\/media\/1286"}],"wp:attachment":[{"href":"https:\/\/shop.voicepoint.ch\/fr\/wp-json\/wp\/v2\/media?parent=1372"}],"wp:term":[{"taxonomy":"product_brand","embeddable":true,"href":"https:\/\/shop.voicepoint.ch\/fr\/wp-json\/wp\/v2\/product_brand?post=1372"},{"taxonomy":"product_cat","embeddable":true,"href":"https:\/\/shop.voicepoint.ch\/fr\/wp-json\/wp\/v2\/product_cat?post=1372"},{"taxonomy":"product_tag","embeddable":true,"href":"https:\/\/shop.voicepoint.ch\/fr\/wp-json\/wp\/v2\/product_tag?post=1372"}],"curies":[{"name":"wp","href":"https:\/\/api.w.org\/{rel}","templated":true}]}}