{"id":1377,"date":"2017-05-02T11:37:03","date_gmt":"2017-05-02T09:37:03","guid":{"rendered":"http:\/\/shop.voicepoint.ch\/shop\/unkategorisiert\/spectra-aluminium-usb-casque-stereo\/"},"modified":"2019-09-13T09:25:45","modified_gmt":"2019-09-13T07:25:45","slug":"spectra-aluminium-usb-casque-stereo","status":"publish","type":"product","link":"https:\/\/shop.voicepoint.ch\/fr\/produit\/accessoires\/spectra-aluminium-usb-casque-stereo\/","title":{"rendered":"SPECTRA Aluminium USB &#8211; Casque St\u00e9r\u00e9o"},"content":{"rendered":"<p>Casque st\u00e9thoscope en aluminium avec connexion USB pour PC et avec r\u00e9glage volume.<\/p>\n","protected":false},"excerpt":{"rendered":"<p>Casque st\u00e9thoscope en aluminium avec connexion USB pour PC et avec r\u00e9glage volume.<\/p>\n","protected":false},"featured_media":1419,"template":"","meta":[],"product_brand":[],"product_cat":[192],"product_tag":[190],"class_list":{"0":"post-1377","1":"product","2":"type-product","3":"status-publish","4":"has-post-thumbnail","6":"product_cat-accessoires","7":"product_tag-ecouteur-headset","9":"first","10":"instock","11":"taxable","12":"shipping-taxable","13":"purchasable","14":"product-type-simple"},"_links":{"self":[{"href":"https:\/\/shop.voicepoint.ch\/fr\/wp-json\/wp\/v2\/product\/1377","targetHints":{"allow":["GET"]}}],"collection":[{"href":"https:\/\/shop.voicepoint.ch\/fr\/wp-json\/wp\/v2\/product"}],"about":[{"href":"https:\/\/shop.voicepoint.ch\/fr\/wp-json\/wp\/v2\/types\/product"}],"wp:featuredmedia":[{"embeddable":true,"href":"https:\/\/shop.voicepoint.ch\/fr\/wp-json\/wp\/v2\/media\/1419"}],"wp:attachment":[{"href":"https:\/\/shop.voicepoint.ch\/fr\/wp-json\/wp\/v2\/media?parent=1377"}],"wp:term":[{"taxonomy":"product_brand","embeddable":true,"href":"https:\/\/shop.voicepoint.ch\/fr\/wp-json\/wp\/v2\/product_brand?post=1377"},{"taxonomy":"product_cat","embeddable":true,"href":"https:\/\/shop.voicepoint.ch\/fr\/wp-json\/wp\/v2\/product_cat?post=1377"},{"taxonomy":"product_tag","embeddable":true,"href":"https:\/\/shop.voicepoint.ch\/fr\/wp-json\/wp\/v2\/product_tag?post=1377"}],"curies":[{"name":"wp","href":"https:\/\/api.w.org\/{rel}","templated":true}]}}