{"id":1378,"date":"2017-05-02T11:31:05","date_gmt":"2017-05-02T09:31:05","guid":{"rendered":"http:\/\/shop.voicepoint.ch\/shop\/unkategorisiert\/spectra-usb-casque-stereo\/"},"modified":"2025-04-28T10:42:11","modified_gmt":"2025-04-28T08:42:11","slug":"spectra-usb-casque-stereo","status":"publish","type":"product","link":"https:\/\/shop.voicepoint.ch\/fr\/produit\/accessoires\/spectra-usb-casque-stereo\/","title":{"rendered":"SPECTRA USB \u2013 Casque St\u00e9r\u00e9o"},"content":{"rendered":"<p>Casque St\u00e9r\u00e9o de haute qualit\u00e9 et robuste avec connexion USB pour PC. Ce casque contient une carte son int\u00e9gr\u00e9e de tr\u00e8s bonne qualit\u00e9.<\/p>\n","protected":false},"excerpt":{"rendered":"<p>Casque St\u00e9r\u00e9o de haute qualit\u00e9 et robuste avec connexion USB pour PC. Ce casque contient une carte son int\u00e9gr\u00e9e de tr\u00e8s bonne qualit\u00e9.<\/p>\n","protected":false},"featured_media":1220,"template":"","meta":[],"product_brand":[],"product_cat":[192],"product_tag":[190,211],"class_list":{"0":"post-1378","1":"product","2":"type-product","3":"status-publish","4":"has-post-thumbnail","6":"product_cat-accessoires","7":"product_tag-ecouteur-headset","8":"product_tag-spectra","10":"first","11":"instock","12":"taxable","13":"shipping-taxable","14":"purchasable","15":"product-type-simple"},"_links":{"self":[{"href":"https:\/\/shop.voicepoint.ch\/fr\/wp-json\/wp\/v2\/product\/1378","targetHints":{"allow":["GET"]}}],"collection":[{"href":"https:\/\/shop.voicepoint.ch\/fr\/wp-json\/wp\/v2\/product"}],"about":[{"href":"https:\/\/shop.voicepoint.ch\/fr\/wp-json\/wp\/v2\/types\/product"}],"wp:featuredmedia":[{"embeddable":true,"href":"https:\/\/shop.voicepoint.ch\/fr\/wp-json\/wp\/v2\/media\/1220"}],"wp:attachment":[{"href":"https:\/\/shop.voicepoint.ch\/fr\/wp-json\/wp\/v2\/media?parent=1378"}],"wp:term":[{"taxonomy":"product_brand","embeddable":true,"href":"https:\/\/shop.voicepoint.ch\/fr\/wp-json\/wp\/v2\/product_brand?post=1378"},{"taxonomy":"product_cat","embeddable":true,"href":"https:\/\/shop.voicepoint.ch\/fr\/wp-json\/wp\/v2\/product_cat?post=1378"},{"taxonomy":"product_tag","embeddable":true,"href":"https:\/\/shop.voicepoint.ch\/fr\/wp-json\/wp\/v2\/product_tag?post=1378"}],"curies":[{"name":"wp","href":"https:\/\/api.w.org\/{rel}","templated":true}]}}