{"id":1575,"date":"2017-05-02T11:17:51","date_gmt":"2017-05-02T09:17:51","guid":{"rendered":"http:\/\/shop.voicepoint.ch\/shop\/unkategorisiert\/philips-pocket-memo-388\/"},"modified":"2025-09-10T10:52:21","modified_gmt":"2025-09-10T08:52:21","slug":"philips-pocket-memo-388","status":"publish","type":"product","link":"https:\/\/shop.voicepoint.ch\/fr\/produit\/analogue\/philips-pocket-memo-388\/","title":{"rendered":"Philips Pocket Memo 388"},"content":{"rendered":"<p>Appareil \u00e0 dicter analogique avec Mini cassette<\/p>\n<p>De nos jours, dans un monde des affaires toujours en \u00e9volution, la mobilit\u00e9 et la flexibilit\u00e9 sont essentielles. L&rsquo;enregistreur de dict\u00e9e PocketMemo 388 Philips vous offre la libert\u00e9 de travailler quand vous le voulez, quel que soit l&rsquo;endroit o\u00f9 vous vous trouvez.<\/p>\n","protected":false},"excerpt":{"rendered":"<p>Appareil \u00e0 dicter analogique avec Mini cassette De nos jours, dans un monde des affaires toujours en \u00e9volution, la mobilit\u00e9 et la flexibilit\u00e9 sont essentielles. L&rsquo;enregistreur de dict\u00e9e PocketMemo 388 Philips vous offre la libert\u00e9 de travailler quand vous le voulez, quel que soit l&rsquo;endroit o\u00f9 vous vous trouvez.<\/p>\n","protected":false},"featured_media":2939,"template":"","meta":[],"product_brand":[],"product_cat":[212],"product_tag":[],"class_list":{"0":"post-1575","1":"product","2":"type-product","3":"status-publish","4":"has-post-thumbnail","6":"product_cat-analogue","8":"first","9":"onbackorder","10":"taxable","11":"shipping-taxable","12":"purchasable","13":"product-type-simple"},"_links":{"self":[{"href":"https:\/\/shop.voicepoint.ch\/fr\/wp-json\/wp\/v2\/product\/1575","targetHints":{"allow":["GET"]}}],"collection":[{"href":"https:\/\/shop.voicepoint.ch\/fr\/wp-json\/wp\/v2\/product"}],"about":[{"href":"https:\/\/shop.voicepoint.ch\/fr\/wp-json\/wp\/v2\/types\/product"}],"wp:featuredmedia":[{"embeddable":true,"href":"https:\/\/shop.voicepoint.ch\/fr\/wp-json\/wp\/v2\/media\/2939"}],"wp:attachment":[{"href":"https:\/\/shop.voicepoint.ch\/fr\/wp-json\/wp\/v2\/media?parent=1575"}],"wp:term":[{"taxonomy":"product_brand","embeddable":true,"href":"https:\/\/shop.voicepoint.ch\/fr\/wp-json\/wp\/v2\/product_brand?post=1575"},{"taxonomy":"product_cat","embeddable":true,"href":"https:\/\/shop.voicepoint.ch\/fr\/wp-json\/wp\/v2\/product_cat?post=1575"},{"taxonomy":"product_tag","embeddable":true,"href":"https:\/\/shop.voicepoint.ch\/fr\/wp-json\/wp\/v2\/product_tag?post=1575"}],"curies":[{"name":"wp","href":"https:\/\/api.w.org\/{rel}","templated":true}]}}