{"id":1587,"date":"2017-05-02T11:23:22","date_gmt":"2017-05-02T09:23:22","guid":{"rendered":"http:\/\/shop.voicepoint.ch\/shop\/unkategorisiert\/philips-alimentation-secteur-142\/"},"modified":"2020-01-17T12:30:30","modified_gmt":"2020-01-17T11:30:30","slug":"philips-alimentation-secteur-142","status":"publish","type":"product","link":"https:\/\/shop.voicepoint.ch\/fr\/produit\/accessoires\/philips-alimentation-secteur-142\/","title":{"rendered":"Philips Alimentation Secteur 142"},"content":{"rendered":"<p>Cette alimentation secteur de haute qualit\u00e9 a \u00e9t\u00e9 sp\u00e9cialement con\u00e7ue pour \u00eatre utilis\u00e9e avec les enregistreurs de dict\u00e9e Pocket Memo Philips. Il vous suffit de connecter votre enregistreur \u00e0 l&rsquo;alimentation 142 pour un fonctionnement continu sans souci.<\/p>\n","protected":false},"excerpt":{"rendered":"<p>Cette alimentation secteur de haute qualit\u00e9 a \u00e9t\u00e9 sp\u00e9cialement con\u00e7ue pour \u00eatre utilis\u00e9e avec les enregistreurs de dict\u00e9e Pocket Memo Philips. Il vous suffit de connecter votre enregistreur \u00e0 l&rsquo;alimentation 142 pour un fonctionnement continu sans souci.<\/p>\n","protected":false},"featured_media":1208,"template":"","meta":[],"product_brand":[],"product_cat":[192],"product_tag":[206],"class_list":{"0":"post-1587","1":"product","2":"type-product","3":"status-publish","4":"has-post-thumbnail","6":"product_cat-accessoires","7":"product_tag-unite-dalimentation","9":"first","10":"instock","11":"taxable","12":"shipping-taxable","13":"purchasable","14":"product-type-simple"},"_links":{"self":[{"href":"https:\/\/shop.voicepoint.ch\/fr\/wp-json\/wp\/v2\/product\/1587","targetHints":{"allow":["GET"]}}],"collection":[{"href":"https:\/\/shop.voicepoint.ch\/fr\/wp-json\/wp\/v2\/product"}],"about":[{"href":"https:\/\/shop.voicepoint.ch\/fr\/wp-json\/wp\/v2\/types\/product"}],"wp:featuredmedia":[{"embeddable":true,"href":"https:\/\/shop.voicepoint.ch\/fr\/wp-json\/wp\/v2\/media\/1208"}],"wp:attachment":[{"href":"https:\/\/shop.voicepoint.ch\/fr\/wp-json\/wp\/v2\/media?parent=1587"}],"wp:term":[{"taxonomy":"product_brand","embeddable":true,"href":"https:\/\/shop.voicepoint.ch\/fr\/wp-json\/wp\/v2\/product_brand?post=1587"},{"taxonomy":"product_cat","embeddable":true,"href":"https:\/\/shop.voicepoint.ch\/fr\/wp-json\/wp\/v2\/product_cat?post=1587"},{"taxonomy":"product_tag","embeddable":true,"href":"https:\/\/shop.voicepoint.ch\/fr\/wp-json\/wp\/v2\/product_tag?post=1587"}],"curies":[{"name":"wp","href":"https:\/\/api.w.org\/{rel}","templated":true}]}}