{"id":1891,"date":"2017-05-02T11:21:25","date_gmt":"2017-05-02T09:21:25","guid":{"rendered":"https:\/\/shop.voicepoint.ch\/shop\/unkategorisiert\/philips-analoges-wiedergabesystem-720t\/"},"modified":"2025-12-09T10:29:26","modified_gmt":"2025-12-09T09:29:26","slug":"philips-systeme-de-transcription-de-bureau-720t","status":"publish","type":"product","link":"https:\/\/shop.voicepoint.ch\/fr\/produit\/analogue\/philips-systeme-de-transcription-de-bureau-720t\/","title":{"rendered":"Philips Syst\u00e8me de transcription de bureau 720T"},"content":{"rendered":"<p>Syst\u00e8me de transcription analogique pour Mini cassettes<\/p>\n<p>Le syst\u00e8me de transcription analogique de bureau 720T est une solution de cr\u00e9ation de documents sp\u00e9cifiquement con\u00e7ue pour faciliter la dict\u00e9e et la rendre plus intuitive. Son ergonomie exceptionnelle vous permet de g\u00e9rer facilement votre travail.<\/p>\n","protected":false},"excerpt":{"rendered":"<p>Syst\u00e8me de transcription analogique pour Mini cassettes Le syst\u00e8me de transcription analogique de bureau 720T est une solution de cr\u00e9ation de documents sp\u00e9cifiquement con\u00e7ue pour faciliter la dict\u00e9e et la rendre plus intuitive. Son ergonomie exceptionnelle vous permet de g\u00e9rer facilement votre travail.<\/p>\n","protected":false},"featured_media":1455,"template":"","meta":[],"product_brand":[],"product_cat":[212],"product_tag":[],"class_list":{"0":"post-1891","1":"product","2":"type-product","3":"status-publish","4":"has-post-thumbnail","6":"product_cat-analogue","8":"first","9":"onbackorder","10":"taxable","11":"shipping-taxable","12":"purchasable","13":"product-type-simple"},"_links":{"self":[{"href":"https:\/\/shop.voicepoint.ch\/fr\/wp-json\/wp\/v2\/product\/1891","targetHints":{"allow":["GET"]}}],"collection":[{"href":"https:\/\/shop.voicepoint.ch\/fr\/wp-json\/wp\/v2\/product"}],"about":[{"href":"https:\/\/shop.voicepoint.ch\/fr\/wp-json\/wp\/v2\/types\/product"}],"wp:featuredmedia":[{"embeddable":true,"href":"https:\/\/shop.voicepoint.ch\/fr\/wp-json\/wp\/v2\/media\/1455"}],"wp:attachment":[{"href":"https:\/\/shop.voicepoint.ch\/fr\/wp-json\/wp\/v2\/media?parent=1891"}],"wp:term":[{"taxonomy":"product_brand","embeddable":true,"href":"https:\/\/shop.voicepoint.ch\/fr\/wp-json\/wp\/v2\/product_brand?post=1891"},{"taxonomy":"product_cat","embeddable":true,"href":"https:\/\/shop.voicepoint.ch\/fr\/wp-json\/wp\/v2\/product_cat?post=1891"},{"taxonomy":"product_tag","embeddable":true,"href":"https:\/\/shop.voicepoint.ch\/fr\/wp-json\/wp\/v2\/product_tag?post=1891"}],"curies":[{"name":"wp","href":"https:\/\/api.w.org\/{rel}","templated":true}]}}