{"id":1897,"date":"2017-05-02T11:19:27","date_gmt":"2017-05-02T09:19:27","guid":{"rendered":"https:\/\/shop.voicepoint.ch\/shop\/unkategorisiert\/philips-dictation-set-725\/"},"modified":"2023-02-23T15:23:18","modified_gmt":"2023-02-23T14:23:18","slug":"philips-systeme-de-dictee-analogique-725","status":"publish","type":"product","link":"https:\/\/shop.voicepoint.ch\/fr\/produit\/analogue\/philips-systeme-de-dictee-analogique-725\/","title":{"rendered":"Philips Syst\u00e8me de dict\u00e9e analogique 725"},"content":{"rendered":"<p>Syst\u00e8me de dict\u00e9e de bureau analogique<\/p>\n<p>Le syst\u00e8me de dict\u00e9e\u00a0725 est con\u00e7u pour une dict\u00e9e conviviale de qualit\u00e9 professionnelle. Toutes les fonctions de dict\u00e9e principales peuvent \u00eatre contr\u00f4l\u00e9es d&rsquo;une seule main. Son ergonomie exceptionnelle vous permet de g\u00e9rer facilement votre travail<\/p>\n","protected":false},"excerpt":{"rendered":"<p>Syst\u00e8me de dict\u00e9e de bureau analogique Le syst\u00e8me de dict\u00e9e\u00a0725 est con\u00e7u pour une dict\u00e9e conviviale de qualit\u00e9 professionnelle. Toutes les fonctions de dict\u00e9e principales peuvent \u00eatre contr\u00f4l\u00e9es d&rsquo;une seule main. Son ergonomie exceptionnelle vous permet de g\u00e9rer facilement votre travail<\/p>\n","protected":false},"featured_media":1265,"template":"","meta":[],"product_brand":[],"product_cat":[212],"product_tag":[],"class_list":{"0":"post-1897","1":"product","2":"type-product","3":"status-publish","4":"has-post-thumbnail","6":"product_cat-analogue","8":"first","9":"onbackorder","10":"taxable","11":"shipping-taxable","12":"purchasable","13":"product-type-simple"},"_links":{"self":[{"href":"https:\/\/shop.voicepoint.ch\/fr\/wp-json\/wp\/v2\/product\/1897","targetHints":{"allow":["GET"]}}],"collection":[{"href":"https:\/\/shop.voicepoint.ch\/fr\/wp-json\/wp\/v2\/product"}],"about":[{"href":"https:\/\/shop.voicepoint.ch\/fr\/wp-json\/wp\/v2\/types\/product"}],"wp:featuredmedia":[{"embeddable":true,"href":"https:\/\/shop.voicepoint.ch\/fr\/wp-json\/wp\/v2\/media\/1265"}],"wp:attachment":[{"href":"https:\/\/shop.voicepoint.ch\/fr\/wp-json\/wp\/v2\/media?parent=1897"}],"wp:term":[{"taxonomy":"product_brand","embeddable":true,"href":"https:\/\/shop.voicepoint.ch\/fr\/wp-json\/wp\/v2\/product_brand?post=1897"},{"taxonomy":"product_cat","embeddable":true,"href":"https:\/\/shop.voicepoint.ch\/fr\/wp-json\/wp\/v2\/product_cat?post=1897"},{"taxonomy":"product_tag","embeddable":true,"href":"https:\/\/shop.voicepoint.ch\/fr\/wp-json\/wp\/v2\/product_tag?post=1897"}],"curies":[{"name":"wp","href":"https:\/\/api.w.org\/{rel}","templated":true}]}}