{"id":2385,"date":"2017-10-03T11:24:23","date_gmt":"2017-10-03T09:24:23","guid":{"rendered":"https:\/\/shop.voicepoint.ch\/produkt\/non class\u00e9\/philips-speechmike-pro-premium-3800\/"},"modified":"2019-10-16T10:16:27","modified_gmt":"2019-10-16T08:16:27","slug":"philips-speechmike-pro-premium-3800","status":"publish","type":"product","link":"https:\/\/shop.voicepoint.ch\/fr\/produit\/dictee-stationnaire\/philips-speechmike-pro-premium-3800\/","title":{"rendered":"Philips SpeechMike Pro Premium 3800"},"content":{"rendered":"<p>Dictaphone de dict\u00e9e sur PC avec boutons poussoir, pav\u00e9 tactile et lecteur de code-barres int\u00e9gr\u00e9<\/p>\n<p>Le SpeechMike Philips r\u00e9unit microphone d&rsquo;enregistrement, haut-parleur de lecture, commande d&rsquo;enregistrement et navigation sur PC dans un seul appareil. Les mod\u00e8les de la s\u00e9rie Philips SpeechMike Premium disposent en outre d&rsquo;un capteur de mouvement int\u00e9gr\u00e9, d&rsquo;un pav\u00e9 tactile pour un fonctionnement de la souris int\u00e9gr\u00e9e ainsi que de touches de fonction suppl\u00e9mentaires librement configurables. En outre, le SpeechMike Premium 3800 int\u00e8gre un lecteur de code-barres int\u00e9gr\u00e9.<\/p>\n","protected":false},"excerpt":{"rendered":"<p>Dictaphone de dict\u00e9e sur PC avec boutons poussoir, pav\u00e9 tactile et lecteur de code-barres int\u00e9gr\u00e9 Le SpeechMike Philips r\u00e9unit microphone d&rsquo;enregistrement, haut-parleur de lecture, commande d&rsquo;enregistrement et navigation sur PC dans un seul appareil. Les mod\u00e8les de la s\u00e9rie Philips SpeechMike Premium disposent en outre d&rsquo;un capteur de mouvement int\u00e9gr\u00e9, d&rsquo;un pav\u00e9 tactile pour un [&#8230;]\n","protected":false},"featured_media":2305,"template":"","meta":[],"product_brand":[],"product_cat":[76],"product_tag":[189],"class_list":{"0":"post-2385","1":"product","2":"type-product","3":"status-publish","4":"has-post-thumbnail","6":"product_cat-dictee-stationnaire","7":"product_tag-speechmike","9":"first","10":"instock","11":"taxable","12":"shipping-taxable","13":"purchasable","14":"product-type-simple"},"_links":{"self":[{"href":"https:\/\/shop.voicepoint.ch\/fr\/wp-json\/wp\/v2\/product\/2385","targetHints":{"allow":["GET"]}}],"collection":[{"href":"https:\/\/shop.voicepoint.ch\/fr\/wp-json\/wp\/v2\/product"}],"about":[{"href":"https:\/\/shop.voicepoint.ch\/fr\/wp-json\/wp\/v2\/types\/product"}],"wp:featuredmedia":[{"embeddable":true,"href":"https:\/\/shop.voicepoint.ch\/fr\/wp-json\/wp\/v2\/media\/2305"}],"wp:attachment":[{"href":"https:\/\/shop.voicepoint.ch\/fr\/wp-json\/wp\/v2\/media?parent=2385"}],"wp:term":[{"taxonomy":"product_brand","embeddable":true,"href":"https:\/\/shop.voicepoint.ch\/fr\/wp-json\/wp\/v2\/product_brand?post=2385"},{"taxonomy":"product_cat","embeddable":true,"href":"https:\/\/shop.voicepoint.ch\/fr\/wp-json\/wp\/v2\/product_cat?post=2385"},{"taxonomy":"product_tag","embeddable":true,"href":"https:\/\/shop.voicepoint.ch\/fr\/wp-json\/wp\/v2\/product_tag?post=2385"}],"curies":[{"name":"wp","href":"https:\/\/api.w.org\/{rel}","templated":true}]}}