{"id":2391,"date":"2017-05-02T11:17:17","date_gmt":"2017-05-02T09:17:17","guid":{"rendered":"https:\/\/shop.voicepoint.ch\/produkt\/non%20class\u00e9\/philips-adaptateur-audio-usb-9034\/"},"modified":"2017-10-20T14:55:01","modified_gmt":"2017-10-20T12:55:01","slug":"philips-adaptateur-audio-usb-9034","status":"publish","type":"product","link":"https:\/\/shop.voicepoint.ch\/fr\/produit\/accessoires\/philips-adaptateur-audio-usb-9034\/","title":{"rendered":"Philips Adaptateur audio USB 9034"},"content":{"rendered":"<p>Adaptateur audio USB pour des \u00e9couteurs 3.5 mm<\/p>\n<p>Ajoutez une sortie son st\u00e9r\u00e9o \u00e0 votre ordinateur via le port USB, m\u00eame s&rsquo;il n&rsquo;a pas de carte son. Connectez virtuellement des casques ou des haut-parleurs. Il vous suffit de les brancher \u00e0 l&rsquo;adaptateur et connecter ce dernier \u00e0 un port USB. Vous n&rsquo;avez pas besoin d&rsquo;installer de pilotes ou d&rsquo;utiliser un adaptateur d&rsquo;alimentation externe.<\/p>\n","protected":false},"excerpt":{"rendered":"<p>Adaptateur audio USB pour des \u00e9couteurs 3.5 mm Ajoutez une sortie son st\u00e9r\u00e9o \u00e0 votre ordinateur via le port USB, m\u00eame s&rsquo;il n&rsquo;a pas de carte son. Connectez virtuellement des casques ou des haut-parleurs. Il vous suffit de les brancher \u00e0 l&rsquo;adaptateur et connecter ce dernier \u00e0 un port USB. Vous n&rsquo;avez pas besoin d&rsquo;installer [&#8230;]\n","protected":false},"featured_media":1277,"template":"","meta":[],"product_brand":[],"product_cat":[192],"product_tag":[318],"class_list":{"0":"post-2391","1":"product","2":"type-product","3":"status-publish","4":"has-post-thumbnail","6":"product_cat-accessoires","7":"product_tag-adapteur","9":"first","10":"onbackorder","11":"taxable","12":"shipping-taxable","13":"purchasable","14":"product-type-simple"},"_links":{"self":[{"href":"https:\/\/shop.voicepoint.ch\/fr\/wp-json\/wp\/v2\/product\/2391","targetHints":{"allow":["GET"]}}],"collection":[{"href":"https:\/\/shop.voicepoint.ch\/fr\/wp-json\/wp\/v2\/product"}],"about":[{"href":"https:\/\/shop.voicepoint.ch\/fr\/wp-json\/wp\/v2\/types\/product"}],"wp:featuredmedia":[{"embeddable":true,"href":"https:\/\/shop.voicepoint.ch\/fr\/wp-json\/wp\/v2\/media\/1277"}],"wp:attachment":[{"href":"https:\/\/shop.voicepoint.ch\/fr\/wp-json\/wp\/v2\/media?parent=2391"}],"wp:term":[{"taxonomy":"product_brand","embeddable":true,"href":"https:\/\/shop.voicepoint.ch\/fr\/wp-json\/wp\/v2\/product_brand?post=2391"},{"taxonomy":"product_cat","embeddable":true,"href":"https:\/\/shop.voicepoint.ch\/fr\/wp-json\/wp\/v2\/product_cat?post=2391"},{"taxonomy":"product_tag","embeddable":true,"href":"https:\/\/shop.voicepoint.ch\/fr\/wp-json\/wp\/v2\/product_tag?post=2391"}],"curies":[{"name":"wp","href":"https:\/\/api.w.org\/{rel}","templated":true}]}}