{"id":2422,"date":"2017-10-10T09:08:47","date_gmt":"2017-10-10T07:08:47","guid":{"rendered":"https:\/\/shop.voicepoint.ch\/produkt\/non%20class\u00e9\/jabra-evolve-30-uc-mono\/"},"modified":"2021-10-13T08:38:17","modified_gmt":"2021-10-13T06:38:17","slug":"jabra-evolve-30-uc-mono","status":"publish","type":"product","link":"https:\/\/shop.voicepoint.ch\/fr\/produit\/accessoires\/jabra-evolve-30-uc-mono\/","title":{"rendered":"Jabra Evolve 30 UC Mono"},"content":{"rendered":"<p>Casque professionnel avec microphone qui supprime les bruits de fond. Convient parfaitement \u00e0 la reconnaissance vocale Dragon et \u00e0 la t\u00e9l\u00e9phonie.<\/p>\n","protected":false},"excerpt":{"rendered":"<p>Casque professionnel avec microphone qui supprime les bruits de fond. Convient parfaitement \u00e0 la reconnaissance vocale Dragon et \u00e0 la t\u00e9l\u00e9phonie.<\/p>\n","protected":false},"featured_media":2338,"template":"","meta":[],"product_brand":[],"product_cat":[192],"product_tag":[190],"class_list":{"0":"post-2422","1":"product","2":"type-product","3":"status-publish","4":"has-post-thumbnail","6":"product_cat-accessoires","7":"product_tag-ecouteur-headset","9":"first","10":"instock","11":"taxable","12":"shipping-taxable","13":"purchasable","14":"product-type-simple"},"_links":{"self":[{"href":"https:\/\/shop.voicepoint.ch\/fr\/wp-json\/wp\/v2\/product\/2422","targetHints":{"allow":["GET"]}}],"collection":[{"href":"https:\/\/shop.voicepoint.ch\/fr\/wp-json\/wp\/v2\/product"}],"about":[{"href":"https:\/\/shop.voicepoint.ch\/fr\/wp-json\/wp\/v2\/types\/product"}],"wp:featuredmedia":[{"embeddable":true,"href":"https:\/\/shop.voicepoint.ch\/fr\/wp-json\/wp\/v2\/media\/2338"}],"wp:attachment":[{"href":"https:\/\/shop.voicepoint.ch\/fr\/wp-json\/wp\/v2\/media?parent=2422"}],"wp:term":[{"taxonomy":"product_brand","embeddable":true,"href":"https:\/\/shop.voicepoint.ch\/fr\/wp-json\/wp\/v2\/product_brand?post=2422"},{"taxonomy":"product_cat","embeddable":true,"href":"https:\/\/shop.voicepoint.ch\/fr\/wp-json\/wp\/v2\/product_cat?post=2422"},{"taxonomy":"product_tag","embeddable":true,"href":"https:\/\/shop.voicepoint.ch\/fr\/wp-json\/wp\/v2\/product_tag?post=2422"}],"curies":[{"name":"wp","href":"https:\/\/api.w.org\/{rel}","templated":true}]}}