{"id":2574,"date":"2017-12-11T11:39:47","date_gmt":"2017-12-11T10:39:47","guid":{"rendered":"https:\/\/shop.voicepoint.ch\/?post_type=product&#038;p=2574"},"modified":"2026-01-16T08:36:04","modified_gmt":"2026-01-16T07:36:04","slug":"philips-speechmike-premium-air-avec-boutons-poussoir","status":"publish","type":"product","link":"https:\/\/shop.voicepoint.ch\/fr\/produit\/dictee-stationnaire\/philips-speechmike-premium-air-avec-boutons-poussoir\/","title":{"rendered":"Philips SpeechMike Premium Air avec boutons poussoir"},"content":{"rendered":"<p>Dictaphone de dict\u00e9e sur PC, sans fil, avec boutons poussoir et pav\u00e9 tactile<\/p>\n<p>Le SpeechMike Premium a atteint l\u2019apog\u00e9e de son \u00e9volution. B\u00e9n\u00e9ficiez de tous les avantages du microphone de dict\u00e9e leader du secteur, sans les contraintes d\u2019un c\u00e2ble. Enregistrez votre voix \u00e0 l\u2019aide d\u2019un microphone haut de gamme de qualit\u00e9 studio, d\u00e9coupl\u00e9 avec filtre anti-bruit int\u00e9gr\u00e9, pour des r\u00e9sultats de reconnaissance vocale exceptionnels. Gr\u00e2ce \u00e0 la technologie vocale sans pertes brevet\u00e9e r\u00e9volutionnaire, le SpeechMike Premium Air offre un maximum de mobilit\u00e9 sans aucun compromis. Les mod\u00e8les de la s\u00e9rie Philips SpeechMike Premium disposent en outre d&rsquo;un capteur de mouvement int\u00e9gr\u00e9, d&rsquo;un pav\u00e9 tactile pour un fonctionnement de la souris int\u00e9gr\u00e9e ainsi que de touches de fonction suppl\u00e9mentaires librement configurables.<\/p>\n","protected":false},"excerpt":{"rendered":"<p>Dictaphone de dict\u00e9e sur PC, sans fil, avec boutons poussoir et pav\u00e9 tactile Le SpeechMike Premium a atteint l\u2019apog\u00e9e de son \u00e9volution. B\u00e9n\u00e9ficiez de tous les avantages du microphone de dict\u00e9e leader du secteur, sans les contraintes d\u2019un c\u00e2ble. Enregistrez votre voix \u00e0 l\u2019aide d\u2019un microphone haut de gamme de qualit\u00e9 studio, d\u00e9coupl\u00e9 avec filtre [&#8230;]\n","protected":false},"featured_media":2610,"template":"","meta":[],"product_brand":[],"product_cat":[76],"product_tag":[189],"class_list":{"0":"post-2574","1":"product","2":"type-product","3":"status-publish","4":"has-post-thumbnail","6":"product_cat-dictee-stationnaire","7":"product_tag-speechmike","9":"first","10":"instock","11":"taxable","12":"shipping-taxable","13":"purchasable","14":"product-type-simple"},"_links":{"self":[{"href":"https:\/\/shop.voicepoint.ch\/fr\/wp-json\/wp\/v2\/product\/2574","targetHints":{"allow":["GET"]}}],"collection":[{"href":"https:\/\/shop.voicepoint.ch\/fr\/wp-json\/wp\/v2\/product"}],"about":[{"href":"https:\/\/shop.voicepoint.ch\/fr\/wp-json\/wp\/v2\/types\/product"}],"wp:featuredmedia":[{"embeddable":true,"href":"https:\/\/shop.voicepoint.ch\/fr\/wp-json\/wp\/v2\/media\/2610"}],"wp:attachment":[{"href":"https:\/\/shop.voicepoint.ch\/fr\/wp-json\/wp\/v2\/media?parent=2574"}],"wp:term":[{"taxonomy":"product_brand","embeddable":true,"href":"https:\/\/shop.voicepoint.ch\/fr\/wp-json\/wp\/v2\/product_brand?post=2574"},{"taxonomy":"product_cat","embeddable":true,"href":"https:\/\/shop.voicepoint.ch\/fr\/wp-json\/wp\/v2\/product_cat?post=2574"},{"taxonomy":"product_tag","embeddable":true,"href":"https:\/\/shop.voicepoint.ch\/fr\/wp-json\/wp\/v2\/product_tag?post=2574"}],"curies":[{"name":"wp","href":"https:\/\/api.w.org\/{rel}","templated":true}]}}