{"id":846,"date":"2017-04-28T11:13:56","date_gmt":"2017-04-28T09:13:56","guid":{"rendered":"http:\/\/shop.voicepoint.ch\/shop\/unkategorisiert\/philips-dpm-8500\/"},"modified":"2020-06-09T12:20:19","modified_gmt":"2020-06-09T10:20:19","slug":"philips-dpm-8500-code-barres","status":"publish","type":"product","link":"https:\/\/shop.voicepoint.ch\/fr\/produit\/dictee-mobile\/philips-dpm-8500-code-barres\/","title":{"rendered":"Philips DPM 8500 code-barres"},"content":{"rendered":"<p>Dictaphone professionnel avec interrupteur coulissant et lecteur de code-barres (mod\u00e8le integrateur sans logiciel)<\/p>\n<p>Le mod\u00e8le DPM 8500 avec lecteur de code-barres int\u00e9gr\u00e9 permet de garantir une attribution fiable des identifiants de clients et de patients et d\u2019acc\u00e9l\u00e9rer les flux de travail. Il est en outre possible de scanner un code-barres directement sur un \u00e9cran. \u00c0 l\u2019exception du lecteur de code-barres, le DPM 8500 est identique au DPM 8100 et est livr\u00e9 sous forme de mod\u00e8le d\u2019int\u00e9gration sans logiciel (disponible en option).<\/p>\n","protected":false},"excerpt":{"rendered":"<p>Dictaphone professionnel avec interrupteur coulissant et lecteur de code-barres (mod\u00e8le integrateur sans logiciel) Le mod\u00e8le DPM 8500 avec lecteur de code-barres int\u00e9gr\u00e9 permet de garantir une attribution fiable des identifiants de clients et de patients et d\u2019acc\u00e9l\u00e9rer les flux de travail. Il est en outre possible de scanner un code-barres directement sur un \u00e9cran. \u00c0 [&#8230;]\n","protected":false},"featured_media":8915,"template":"","meta":[],"product_brand":[],"product_cat":[67],"product_tag":[],"class_list":{"0":"post-846","1":"product","2":"type-product","3":"status-publish","4":"has-post-thumbnail","6":"product_cat-dictee-mobile","8":"first","9":"onbackorder","10":"taxable","11":"shipping-taxable","12":"purchasable","13":"product-type-simple"},"_links":{"self":[{"href":"https:\/\/shop.voicepoint.ch\/fr\/wp-json\/wp\/v2\/product\/846","targetHints":{"allow":["GET"]}}],"collection":[{"href":"https:\/\/shop.voicepoint.ch\/fr\/wp-json\/wp\/v2\/product"}],"about":[{"href":"https:\/\/shop.voicepoint.ch\/fr\/wp-json\/wp\/v2\/types\/product"}],"wp:featuredmedia":[{"embeddable":true,"href":"https:\/\/shop.voicepoint.ch\/fr\/wp-json\/wp\/v2\/media\/8915"}],"wp:attachment":[{"href":"https:\/\/shop.voicepoint.ch\/fr\/wp-json\/wp\/v2\/media?parent=846"}],"wp:term":[{"taxonomy":"product_brand","embeddable":true,"href":"https:\/\/shop.voicepoint.ch\/fr\/wp-json\/wp\/v2\/product_brand?post=846"},{"taxonomy":"product_cat","embeddable":true,"href":"https:\/\/shop.voicepoint.ch\/fr\/wp-json\/wp\/v2\/product_cat?post=846"},{"taxonomy":"product_tag","embeddable":true,"href":"https:\/\/shop.voicepoint.ch\/fr\/wp-json\/wp\/v2\/product_tag?post=846"}],"curies":[{"name":"wp","href":"https:\/\/api.w.org\/{rel}","templated":true}]}}